{"id":3167,"date":"2026-02-10T17:22:21","date_gmt":"2026-02-10T17:22:21","guid":{"rendered":"https:\/\/lesrosesdelourdes.com\/?page_id=3167"},"modified":"2026-02-10T17:22:21","modified_gmt":"2026-02-10T17:22:21","slug":"politique-de-cookies","status":"publish","type":"page","link":"https:\/\/lesrosesdelourdes.com\/de\/politique-de-cookies\/","title":{"rendered":"Cookie-Richtlinie"},"content":{"rendered":"<p><\/p>\n\n\n\n<p>COOKIE-RICHTLINIE<\/p>\n\n\n\n<ol class=\"wp-block-list\">\n<li>Was ist ein Cookie?<\/li>\n<\/ol>\n\n\n\n<p>Ein Cookie ist eine kleine Textdatei, die auf Ihrem Ger\u00e4t (Computer, Tablet, Smartphone) gespeichert wird, wenn Sie eine Website besuchen. Mithilfe von Cookies k\u00f6nnen bestimmte Informationen gespeichert werden, um Ihr Surferlebnis zu verbessern, die Nutzung der Website zu analysieren und Ihnen personalisierte Inhalte anzubieten.<\/p>\n\n\n\n<p>Einige Cookies sind seitenindividuell, w\u00e4hrend andere von Drittdiensten bereitgestellt werden (z. B. Google Analytics, soziale Netzwerke).<\/p>\n\n\n\n<ol start=\"2\" class=\"wp-block-list\">\n<li>Die Arten von Cookies, die wir verwenden<\/li>\n<\/ol>\n\n\n\n<p>Wir verwenden verschiedene Arten von Cookies f\u00fcr unterschiedliche Zwecke:&nbsp;<\/p>\n\n\n\n<ul class=\"wp-block-list\">\n<li><strong>Unbedingt notwendige Cookies : <\/strong>die f\u00fcr das Funktionieren der Website unerl\u00e4sslich sind, wie z. B. die Verwaltung Ihrer Buchungen oder die Aufrechterhaltung Ihrer Sitzung. Diese Cookies erfordern nicht Ihre Zustimmung.<\/li>\n\n\n\n<li><strong>Leistungsbezogene Cookies :<\/strong> erm\u00f6glichen es, die Nutzung der Website zu analysieren und die Navigation zu verbessern (z. B. Google Analytics). Die gesammelten Daten werden anonymisiert oder pseudonymisiert.<\/li>\n\n\n\n<li><strong>Funktionale Cookies : <\/strong>speichern Ihre Wahlm\u00f6glichkeiten und Pr\u00e4ferenzen, z. B. die Sprache der Website oder die Version der Website, die Sie besuchen. Sie k\u00f6nnen auch Ihre Anmelde- und Schnittstelleneinstellungen enthalten.<\/li>\n\n\n\n<li><strong>Targeting-\/Werbe-Cookies : <\/strong>die verwendet werden, um Ihnen Inhalte oder Angebote anzubieten, die auf Ihre Interessen zugeschnitten sind (z. B. soziale Netzwerke, Werbekampagnen). Diese Cookies werden h\u00e4ufig von Dritten bereitgestellt. Sie k\u00f6nnen diese Cookies \u00fcber das Verwaltungsband oder direkt in Ihrem Browser deaktivieren.\u00a0<\/li>\n<\/ul>\n\n\n\n<ol start=\"3\" class=\"wp-block-list\">\n<li>Zustimmung und Verwaltung von Cookies\u00a0<\/li>\n<\/ol>\n\n\n\n<p>Bei Ihrem ersten Besuch auf der Website werden Sie aufgefordert, Cookies zu akzeptieren oder abzulehnen. Die Zustimmung ist frei, spezifisch, informiert und eindeutig. Sie k\u00f6nnen Ihre Einstellungen auch jederzeit \u00fcber das Cookie-Management-Banner \u00e4ndern. Die Ablehnung bestimmter Cookies verhindert nicht das Surfen auf der Website.<\/p>\n\n\n\n<p>Sie k\u00f6nnen Cookies direkt in Ihrem Browser einstellen oder l\u00f6schen :&nbsp;<\/p>\n\n\n\n<ul class=\"wp-block-list\">\n<li>Chrome: Einstellungen &gt; Datenschutz und Sicherheit &gt; Cookies<\/li>\n\n\n\n<li>Firefox: Optionen &gt; Privatsph\u00e4re und Sicherheit &gt; Cookies und Standortdaten<\/li>\n\n\n\n<li>Safari: Einstellungen &gt; Datenschutz &gt; Cookies und Standortdaten\u00a0<\/li>\n\n\n\n<li>Edge: Einstellungen &gt; Cookies und Site-Autorisierungen\u00a0<\/li>\n<\/ul>\n\n\n\n<p>(Einige mobile oder alternative Browser haben m\u00f6glicherweise spezielle Einstellungen).<\/p>\n\n\n\n<p>Achtung: Das L\u00f6schen von Cookies kann dazu f\u00fchren, dass Ihre Einstellungen und einige Anmeldedaten verloren gehen.&nbsp;<\/p>\n\n\n\n<ol start=\"4\" class=\"wp-block-list\">\n<li>Dauer der Aufbewahrung\u00a0<\/li>\n<\/ol>\n\n\n\n<p>Die Dauer der Speicherung von Cookies h\u00e4ngt von ihrer Art und ihrem Zweck ab, in der Regel von <strong>einigen Tagen bis zu mehreren Monaten.&nbsp;<\/strong><\/p>\n\n\n\n<figure class=\"wp-block-table\"><table class=\"has-fixed-layout\"><tbody><tr><td><strong>Art des Cookies<\/strong><\/td><td><strong>Zweck<\/strong><\/td><td><strong>Dauer der Aufbewahrung<\/strong><\/td><\/tr><tr><td><strong>Unbedingt notwendige Cookies<\/strong><\/td><td><strong>Aufrechterhaltung von Sitzungen, Verwaltung von Reservierungen<\/strong><\/td><td><strong>Bis zum Ende der Sitzung<\/strong><\/td><\/tr><tr><td><strong>Leistungs-Cookies<\/strong><\/td><td><strong>Analyse der Besucherzahlen und Verbesserung der Website (z. B. Google Analytics)<\/strong><\/td><td><strong>13 Monate<\/strong><\/td><\/tr><tr><td><strong>Funktionale Cookies<\/strong><\/td><td><strong>Speichern von Spracheinstellungen, Schnittstelleneinstellungen und Anmeldung<\/strong><\/td><td><strong>6 Monate<\/strong><\/td><\/tr><tr><td><strong>Cookies f\u00fcr Targeting \/ Werbung<\/strong><\/td><td><strong>Gezielte Werbung, soziale Netzwerke, personalisierte Empfehlungen<\/strong><\/td><td><strong>3 bis 6 Monate<\/strong><\/td><\/tr><\/tbody><\/table><\/figure>\n\n\n\n<p>Zur besseren Transparenz k\u00f6nnen Sie diese Tabelle, die auf allgemein \u00fcblichen Zeitr\u00e4umen beruht, jederzeit einsehen, um die genaue Dauer jedes Cookie-Typs zu erfahren.<\/p>\n\n\n\n<ol start=\"5\" class=\"wp-block-list\">\n<li>Kontakt<\/li>\n<\/ol>\n\n\n\n<p>Wenn Sie Fragen zu unserer Cookie-Richtlinie haben, k\u00f6nnen Sie uns unter : <strong>contact@lesrosesdelourdes.com. <\/strong>Wir bem\u00fchen uns, Ihre Anfragen innerhalb von 15 Tagen zu beantworten.<\/p>","protected":false},"excerpt":{"rendered":"<p>POLITIQUE DE COOKIES Un cookie est un petit fichier texte enregistr\u00e9 sur votre appareil (ordinateur, tablette, smartphone) lorsque vous visitez un site web. Les cookies permettent de stocker certaines informations afin d\u2019am\u00e9liorer votre exp\u00e9rience de navigation, analyser l\u2019utilisation du site et vous proposer des contenus personnalis\u00e9s. Certains cookies sont propres au site, tandis que d\u2019autres [&hellip;]<\/p>\n","protected":false},"author":1,"featured_media":0,"parent":0,"menu_order":0,"comment_status":"closed","ping_status":"closed","template":"","meta":{"footnotes":""},"class_list":["post-3167","page","type-page","status-publish","hentry"],"_hostinger_reach_plugin_has_subscription_block":false,"_hostinger_reach_plugin_is_elementor":false,"_links":{"self":[{"href":"https:\/\/lesrosesdelourdes.com\/de\/wp-json\/wp\/v2\/pages\/3167","targetHints":{"allow":["GET"]}}],"collection":[{"href":"https:\/\/lesrosesdelourdes.com\/de\/wp-json\/wp\/v2\/pages"}],"about":[{"href":"https:\/\/lesrosesdelourdes.com\/de\/wp-json\/wp\/v2\/types\/page"}],"author":[{"embeddable":true,"href":"https:\/\/lesrosesdelourdes.com\/de\/wp-json\/wp\/v2\/users\/1"}],"replies":[{"embeddable":true,"href":"https:\/\/lesrosesdelourdes.com\/de\/wp-json\/wp\/v2\/comments?post=3167"}],"version-history":[{"count":1,"href":"https:\/\/lesrosesdelourdes.com\/de\/wp-json\/wp\/v2\/pages\/3167\/revisions"}],"predecessor-version":[{"id":3168,"href":"https:\/\/lesrosesdelourdes.com\/de\/wp-json\/wp\/v2\/pages\/3167\/revisions\/3168"}],"wp:attachment":[{"href":"https:\/\/lesrosesdelourdes.com\/de\/wp-json\/wp\/v2\/media?parent=3167"}],"curies":[{"name":"wp","href":"https:\/\/api.w.org\/{rel}","templated":true}]}}