{"id":3169,"date":"2026-02-10T17:23:25","date_gmt":"2026-02-10T17:23:25","guid":{"rendered":"https:\/\/lesrosesdelourdes.com\/?page_id=3169"},"modified":"2026-03-18T13:38:41","modified_gmt":"2026-03-18T13:38:41","slug":"mentions-legales","status":"publish","type":"page","link":"https:\/\/lesrosesdelourdes.com\/de\/mentions-legales\/","title":{"rendered":"Rechtliche Hinweise"},"content":{"rendered":"<p><\/p>\n\n\n\n<p>Rechtliche Hinweise<\/p>\n\n\n\n<ol class=\"wp-block-list\">\n<li>Herausgeber der Seite<\/li>\n<\/ol>\n\n\n\n<p>Die Seite <strong>Die Rosen von Lourdes <\/strong>(zusammengefasst <em>Die Domaine de Rose<\/em> und <em>Die Rose des Schlosses<\/em>) wird herausgegeben von :&nbsp;<\/p>\n\n\n\n<p><strong>Firmenname :<\/strong> SAS LES ROSES DE LOURDES<\/p>\n\n\n\n<p><strong>Rechtsform :<\/strong> SAS au capital de 1 000\u20ac<\/p>\n\n\n\n<p><strong>Hauptsitz : <\/strong>28 Avenue Jean Prat 65100 Lourdes<\/p>\n\n\n\n<p><strong>SIRET-Nummer :<\/strong> 99986433300011<\/p>\n\n\n\n<p><strong>RCS :<\/strong> Tarbes<\/p>\n\n\n\n<p><strong>Innergemeinschaftliche Umsatzsteuer-Identifikationsnummer : <\/strong>FR28999864333<\/p>\n\n\n\n<p><strong>Direktoren der Ver\u00f6ffentlichung : <\/strong>\u00c9lodie SPREUX-DESBORDES und Fabrice SPREUX<\/p>\n\n\n\n<p><strong>Kontakt:<\/strong> <a href=\"mailto:contact@lesrosesdelourdes.com\">contact@lesrosesdelourdes.com<\/a> \/ +33 (0)6 63 69 11 10<\/p>\n\n\n\n<ol start=\"2\" class=\"wp-block-list\">\n<li>Unterkunft<\/li>\n<\/ol>\n\n\n\n<p>Die Website wird gehostet von :&nbsp;<\/p>\n\n\n\n<p><strong>Hosting : <\/strong>Infomaniak<\/p>\n\n\n\n<p><strong>Adresse: <\/strong>Rue Eug\u00e8ne-Marziano 25, 1227 Genf, Schweiz<\/p>\n\n\n\n<p><strong>Telefon : <\/strong>+41 22 820 35 40<\/p>\n\n\n\n<p><strong>Website : <\/strong>https:\/\/www.infomaniak.com\/fr<\/p>\n\n\n\n<ol start=\"3\" class=\"wp-block-list\">\n<li>Geistiges Eigentum<\/li>\n<\/ol>\n\n\n\n<p>Die gesamte Website und ihre Inhalte (Texte, Bilder, Videos, Logos, Grafiken usw.) sind urheberrechtlich gesch\u00fctzt.&nbsp;<\/p>\n\n\n\n<p>Jede Vervielf\u00e4ltigung, Darstellung, \u00c4nderung, Ver\u00f6ffentlichung, \u00dcbertragung, vollst\u00e4ndige oder teilweise Denaturierung dieser Website oder ihres Inhalts durch ein beliebiges Verfahren ist ohne vorherige schriftliche Genehmigung von <strong>Die Rosen von Lourdes<\/strong>.<\/p>\n\n\n\n<ol start=\"4\" class=\"wp-block-list\">\n<li>Pers\u00f6nliche Daten<\/li>\n<\/ol>\n\n\n\n<p>Die Website kann personenbezogene Daten \u00fcber :&nbsp;<\/p>\n\n\n\n<ul class=\"wp-block-list\">\n<li>Kontaktformular<\/li>\n\n\n\n<li>Online-Buchung<\/li>\n\n\n\n<li>Newsletter<\/li>\n<\/ul>\n\n\n\n<p><strong>Final :<\/strong> Die gesammelten Daten werden nur verwendet, um Anfragen zu beantworten, Buchungen zu verwalten und \u00fcber Angebote und Neuigkeiten zu informieren.&nbsp;<\/p>\n\n\n\n<p><strong>Haltbarkeitsdauer : <\/strong>Die Daten werden 12 Monate lang aufbewahrt.<\/p>\n\n\n\n<p><strong>Verantwortlich f\u00fcr die Verarbeitung : <\/strong>Die Daten werden von Les Roses de Lourdes oder ggf. von ihren Subunternehmern im Rahmen der Verwaltung der Website und der damit verbundenen Dienstleistungen verarbeitet.<\/p>\n\n\n\n<p><strong>Benutzerrechte : <\/strong>Gem\u00e4\u00df der DSGVO haben Sie das Recht auf Zugang, Berichtigung, L\u00f6schung, Einschr\u00e4nkung und Widerspruch sowie das Recht auf \u00dcbertragbarkeit Ihrer personenbezogenen Daten. Sie k\u00f6nnen Ihre Einwilligung jederzeit widerrufen.<\/p>\n\n\n\n<p>Um Ihre Rechte auszu\u00fcben oder bei Fragen zu Ihren Daten k\u00f6nnen Sie sich wenden an <strong>Die Rosen von Lourdes<\/strong> an die E-Mail-Adresse: contact@lesrosesdelourdes.com.<\/p>\n\n\n\n<p>Weitere Einzelheiten finden Sie in unserer Datenschutzrichtlinie.<\/p>\n\n\n\n<p><strong>Cookies : <\/strong>Die Website verwendet Cookies, um die Navigation zu verbessern und angepasste Inhalte anzubieten. Bei Ihrem ersten Besuch wird ein Informationsbanner eingeblendet. Sie k\u00f6nnen Cookies jederzeit akzeptieren oder ablehnen.<\/p>\n\n\n\n<p>Weitere Informationen finden Sie in unserer Cookie-Richtlinie.<\/p>\n\n\n\n<ol start=\"5\" class=\"wp-block-list\">\n<li>Verantwortung<\/li>\n<\/ol>\n\n\n\n<p>Les informations publi\u00e9es sur le site sont fournies \u00e0 titre indicatif et n\u2019engagent pas la responsabilit\u00e9 des Roses de Lourdes, sauf en cas de faute lourde ou intentionnelle.<\/p>\n\n\n\n<ol start=\"6\" class=\"wp-block-list\">\n<li>Liens externes<\/li>\n<\/ol>\n\n\n\n<p>Le site peut contenir des liens vers d\u2019autres sites. Les Roses de Lourdes n\u2019est pas responsable du contenu de ces sites externes.<\/p>","protected":false},"excerpt":{"rendered":"<p>Mentions l\u00e9gales Le site Les Roses de Lourdes (regroupant Le Domaine de Rose et La Rose du Ch\u00e2teau) est \u00e9dit\u00e9 par :&nbsp; Raison sociale : SAS LES ROSES DE LOURDES Forme juridique : SAS au capital de 1 000\u20ac Si\u00e8ge social : 28 Avenue Jean Prat 65100 Lourdes Num\u00e9ro de SIRET : 99986433300011 RCS : [&hellip;]<\/p>\n","protected":false},"author":1,"featured_media":0,"parent":0,"menu_order":0,"comment_status":"closed","ping_status":"closed","template":"","meta":{"footnotes":""},"class_list":["post-3169","page","type-page","status-publish","hentry"],"_hostinger_reach_plugin_has_subscription_block":false,"_hostinger_reach_plugin_is_elementor":false,"_links":{"self":[{"href":"https:\/\/lesrosesdelourdes.com\/de\/wp-json\/wp\/v2\/pages\/3169","targetHints":{"allow":["GET"]}}],"collection":[{"href":"https:\/\/lesrosesdelourdes.com\/de\/wp-json\/wp\/v2\/pages"}],"about":[{"href":"https:\/\/lesrosesdelourdes.com\/de\/wp-json\/wp\/v2\/types\/page"}],"author":[{"embeddable":true,"href":"https:\/\/lesrosesdelourdes.com\/de\/wp-json\/wp\/v2\/users\/1"}],"replies":[{"embeddable":true,"href":"https:\/\/lesrosesdelourdes.com\/de\/wp-json\/wp\/v2\/comments?post=3169"}],"version-history":[{"count":2,"href":"https:\/\/lesrosesdelourdes.com\/de\/wp-json\/wp\/v2\/pages\/3169\/revisions"}],"predecessor-version":[{"id":4845,"href":"https:\/\/lesrosesdelourdes.com\/de\/wp-json\/wp\/v2\/pages\/3169\/revisions\/4845"}],"wp:attachment":[{"href":"https:\/\/lesrosesdelourdes.com\/de\/wp-json\/wp\/v2\/media?parent=3169"}],"curies":[{"name":"wp","href":"https:\/\/api.w.org\/{rel}","templated":true}]}}