{"id":3169,"date":"2026-02-10T17:23:25","date_gmt":"2026-02-10T17:23:25","guid":{"rendered":"https:\/\/lesrosesdelourdes.com\/?page_id=3169"},"modified":"2026-03-18T13:38:41","modified_gmt":"2026-03-18T13:38:41","slug":"mentions-legales","status":"publish","type":"page","link":"https:\/\/lesrosesdelourdes.com\/en\/mentions-legales\/","title":{"rendered":"Legal information"},"content":{"rendered":"<p><\/p>\n\n\n\n<p>Legal information<\/p>\n\n\n\n<ol class=\"wp-block-list\">\n<li>Site publisher<\/li>\n<\/ol>\n\n\n\n<p>The website <strong>Les Roses de Lourdes <\/strong>(including <em>Le Domaine de Rose<\/em> and <em>La Rose du Ch\u00e2teau<\/em>) is published by :&nbsp;<\/p>\n\n\n\n<p><strong>Company name :<\/strong> SAS LES ROSES DE LOURDES<\/p>\n\n\n\n<p><strong>Legal form :<\/strong> SAS au capital de 1 000\u20ac<\/p>\n\n\n\n<p><strong>Registered office: <\/strong>28 Avenue Jean Prat 65100 Lourdes<\/p>\n\n\n\n<p><strong>SIRET number :<\/strong> 99986433300011<\/p>\n\n\n\n<p><strong>RCS :<\/strong> Tarbes<\/p>\n\n\n\n<p><strong>VAT number : <\/strong>FR28999864333<\/p>\n\n\n\n<p><strong>Directors of publication : <\/strong>\u00c9lodie SPREUX-DESBORDES and Fabrice SPREUX<\/p>\n\n\n\n<p><strong>Contact:<\/strong> <a href=\"mailto:contact@lesrosesdelourdes.com\">contact@lesrosesdelourdes.com<\/a> \/ +33 (0)6 63 69 11 10<\/p>\n\n\n\n<ol start=\"2\" class=\"wp-block-list\">\n<li>Hosting<\/li>\n<\/ol>\n\n\n\n<p>The site is hosted by :&nbsp;<\/p>\n\n\n\n<p><strong>Hosted by : <\/strong>Infomaniak<\/p>\n\n\n\n<p><strong>Address: <\/strong>Rue Eug\u00e8ne-Marziano 25, 1227 Geneva, Switzerland<\/p>\n\n\n\n<p><strong>Telephone : <\/strong>+41 22 820 35 40<\/p>\n\n\n\n<p><strong>Website : <\/strong>https:\/\/www.infomaniak.com\/fr<\/p>\n\n\n\n<ol start=\"3\" class=\"wp-block-list\">\n<li>Intellectual property<\/li>\n<\/ol>\n\n\n\n<p>The entire site and its content (text, images, videos, logos, graphics, etc.) are protected by copyright.&nbsp;<\/p>\n\n\n\n<p>Any reproduction, representation, modification, publication, transmission or distortion, in whole or in part, of this site or its content, by any process whatsoever, is prohibited without the prior written consent of <strong>Les Roses de Lourdes<\/strong>.<\/p>\n\n\n\n<ol start=\"4\" class=\"wp-block-list\">\n<li>Personal data<\/li>\n<\/ol>\n\n\n\n<p>The site may collect personal data via :&nbsp;<\/p>\n\n\n\n<ul class=\"wp-block-list\">\n<li>Contact form<\/li>\n\n\n\n<li>Online booking<\/li>\n\n\n\n<li>Newsletter<\/li>\n<\/ul>\n\n\n\n<p><strong>Purpose :<\/strong> The data collected is used solely to respond to requests, manage bookings and provide information on offers and news.&nbsp;<\/p>\n\n\n\n<p><strong>Shelf life : <\/strong>Data is kept for 12 months.<\/p>\n\n\n\n<p><strong>Data controller : <\/strong>The data is processed by Les Roses de Lourdes or, where applicable, by its subcontractors as part of the management of the site and associated services.<\/p>\n\n\n\n<p><strong>User rights : <\/strong>In accordance with the RGPD, you have a right of access, rectification, deletion, limitation and opposition as well as the right to portability of your personal data. You may withdraw your consent at any time.<\/p>\n\n\n\n<p>To exercise your rights or if you have any questions about your data, please contact <strong>Les Roses de Lourdes<\/strong> to the following email address: contact@lesrosesdelourdes.com.<\/p>\n\n\n\n<p>For more details, please consult our privacy policy.<\/p>\n\n\n\n<p><strong>Cookies : <\/strong>The site uses cookies to improve browsing and provide tailored content. An information banner is displayed on your first visit. You can accept or refuse cookies at any time.<\/p>\n\n\n\n<p>For more information, see our cookies policy.<\/p>\n\n\n\n<ol start=\"5\" class=\"wp-block-list\">\n<li>Liability<\/li>\n<\/ol>\n\n\n\n<p>The information published on the site is provided for information only and is not the responsibility of Les Roses de Lourdes, except in the case of gross negligence or wilful misconduct.<\/p>\n\n\n\n<ol start=\"6\" class=\"wp-block-list\">\n<li>External links<\/li>\n<\/ol>\n\n\n\n<p>The site may contain links to other sites. Les Roses de Lourdes is not responsible for the content of these external sites.<\/p>","protected":false},"excerpt":{"rendered":"<p>Mentions l\u00e9gales Le site Les Roses de Lourdes (regroupant Le Domaine de Rose et La Rose du Ch\u00e2teau) est \u00e9dit\u00e9 par :&nbsp; Raison sociale : SAS LES ROSES DE LOURDES Forme juridique : SAS au capital de 1 000\u20ac Si\u00e8ge social : 28 Avenue Jean Prat 65100 Lourdes Num\u00e9ro de SIRET : 99986433300011 RCS : [&hellip;]<\/p>\n","protected":false},"author":1,"featured_media":0,"parent":0,"menu_order":0,"comment_status":"closed","ping_status":"closed","template":"","meta":{"footnotes":""},"class_list":["post-3169","page","type-page","status-publish","hentry"],"_hostinger_reach_plugin_has_subscription_block":false,"_hostinger_reach_plugin_is_elementor":false,"_links":{"self":[{"href":"https:\/\/lesrosesdelourdes.com\/en\/wp-json\/wp\/v2\/pages\/3169","targetHints":{"allow":["GET"]}}],"collection":[{"href":"https:\/\/lesrosesdelourdes.com\/en\/wp-json\/wp\/v2\/pages"}],"about":[{"href":"https:\/\/lesrosesdelourdes.com\/en\/wp-json\/wp\/v2\/types\/page"}],"author":[{"embeddable":true,"href":"https:\/\/lesrosesdelourdes.com\/en\/wp-json\/wp\/v2\/users\/1"}],"replies":[{"embeddable":true,"href":"https:\/\/lesrosesdelourdes.com\/en\/wp-json\/wp\/v2\/comments?post=3169"}],"version-history":[{"count":2,"href":"https:\/\/lesrosesdelourdes.com\/en\/wp-json\/wp\/v2\/pages\/3169\/revisions"}],"predecessor-version":[{"id":4845,"href":"https:\/\/lesrosesdelourdes.com\/en\/wp-json\/wp\/v2\/pages\/3169\/revisions\/4845"}],"wp:attachment":[{"href":"https:\/\/lesrosesdelourdes.com\/en\/wp-json\/wp\/v2\/media?parent=3169"}],"curies":[{"name":"wp","href":"https:\/\/api.w.org\/{rel}","templated":true}]}}