{"id":5380,"date":"2026-04-30T19:06:35","date_gmt":"2026-04-30T19:06:35","guid":{"rendered":"https:\/\/lesrosesdelourdes.com\/?page_id=5380"},"modified":"2026-04-30T19:09:47","modified_gmt":"2026-04-30T19:09:47","slug":"c-parc-de-loisirs-du-hautacam","status":"publish","type":"page","link":"https:\/\/lesrosesdelourdes.com\/en\/c-parc-de-loisirs-du-hautacam\/","title":{"rendered":"C &#8211; Parc de Loisirs du Hautacam"},"content":{"rendered":"<div data-elementor-type=\"wp-page\" data-elementor-id=\"5380\" class=\"elementor elementor-5380\" data-elementor-post-type=\"page\">\n\t\t\t\t<div class=\"elementor-element elementor-element-fbda737 e-con-full e-flex e-con e-parent\" data-id=\"fbda737\" data-element_type=\"container\" data-e-type=\"container\">\n\t\t<div class=\"elementor-element elementor-element-06bc95d e-con-full e-flex e-con e-child\" data-id=\"06bc95d\" data-element_type=\"container\" data-e-type=\"container\" data-settings=\"{&quot;background_background&quot;:&quot;classic&quot;}\">\n\t\t\t\t<\/div>\n\t\t<div class=\"elementor-element elementor-element-4ed7454 e-con-full e-flex e-con e-child\" data-id=\"4ed7454\" data-element_type=\"container\" data-e-type=\"container\" data-settings=\"{&quot;background_background&quot;:&quot;classic&quot;}\">\n\t\t\t\t<div class=\"elementor-element elementor-element-dcd6c1a elementor-widget-mobile__width-inherit elementor-widget elementor-widget-heading\" data-id=\"dcd6c1a\" data-element_type=\"widget\" data-e-type=\"widget\" data-widget_type=\"heading.default\">\n\t\t\t\t\t<h2 class=\"elementor-heading-title elementor-size-default\">PARC DE LOISIRS<br>DU HAUTACAM<\/h2>\t\t\t\t<\/div>\n\t\t\t\t<div class=\"elementor-element elementor-element-2990eeb elementor-widget__width-initial elementor-widget elementor-widget-text-editor\" data-id=\"2990eeb\" data-element_type=\"widget\" data-e-type=\"widget\" data-widget_type=\"text-editor.default\">\n\t\t\t\t\t\t\t\t\t<div style=\"display: flex; align-items: center; gap: 12px; margin-bottom: 15px;\">\n<div style=\"flex-shrink: 0;\">\u00a0<\/div>\n<div style=\"line-height: 1.5;\">\n<p class=\"cvGsUA direction-ltr align-center para-style-body\"><span class=\"a_GcMg font-feature-liga-off font-feature-clig-off font-feature-calt-off text-decoration-none text-strikethrough-none\">\u201cLe parc offre des <\/span><strong><span class=\"a_GcMg font-feature-liga-off font-feature-clig-off font-feature-calt-off text-decoration-none text-strikethrough-none\">activit\u00e9s estivales<\/span><\/strong><span class=\"a_GcMg font-feature-liga-off font-feature-clig-off font-feature-calt-off text-decoration-none text-strikethrough-none\"> telles que la <\/span><span class=\"a_GcMg font-feature-liga-off font-feature-clig-off font-feature-calt-off text-decoration-none text-strikethrough-none\"><strong>Mountain Luge, le Zippy Bike, le D\u00e9valkart, le tubing<\/strong>,<\/span><span class=\"a_GcMg font-feature-liga-off font-feature-clig-off font-feature-calt-off text-decoration-none text-strikethrough-none\"> ainsi que des <\/span><strong><span class=\"a_GcMg font-feature-liga-off font-feature-clig-off font-feature-calt-off text-decoration-none text-strikethrough-none\">parcours de trottinette tout-terrain<\/span><\/strong><span class=\"a_GcMg font-feature-liga-off font-feature-clig-off font-feature-calt-off text-decoration-none text-strikethrough-none\">. En hiver, le site propose des activit\u00e9s comme <\/span><span class=\"a_GcMg font-feature-liga-off font-feature-clig-off font-feature-calt-off text-decoration-none text-strikethrough-none\"><strong>la luge sur rail, le ski de fond, les raquettes, et des descentes en trottinette ou en kart tout terrain<\/strong>.<\/span><span class=\"a_GcMg font-feature-liga-off font-feature-clig-off font-feature-calt-off text-decoration-none text-strikethrough-none\"> Le parc dispose \u00e9galement d&rsquo;un espace de restauration, de vestiaires avec douches, d&rsquo;un parcours fitness et d&rsquo;une aire de jeux pour enfants.\u201d<\/span><\/p>\n<p class=\"cvGsUA direction-ltr align-center para-style-body\"><span class=\"a_GcMg font-feature-liga-off font-feature-clig-off font-feature-calt-off text-decoration-none text-strikethrough-none\">Toute l\u2019ann\u00e9e<\/span><\/p>\n<\/div>\n<\/div>\t\t\t\t\t\t\t\t<\/div>\n\t\t\t\t<div class=\"elementor-element elementor-element-66871d4 elementor-widget__width-initial elementor-widget elementor-widget-text-editor\" data-id=\"66871d4\" data-element_type=\"widget\" data-e-type=\"widget\" data-widget_type=\"text-editor.default\">\n\t\t\t\t\t\t\t\t\t<div style=\"flex-shrink: 0;\">\u00a0<b>Domaine de Rose :\u00a0<\/b><\/div>\n<div style=\"line-height: 1.5;\">\n<p class=\"cvGsUA direction-ltr align-center para-style-body\"><span class=\"a_GcMg font-feature-liga-off font-feature-clig-off font-feature-calt-off text-decoration-none text-strikethrough-none\"><img decoding=\"async\" class=\"emoji\" role=\"img\" draggable=\"false\" src=\"https:\/\/s.w.org\/images\/core\/emoji\/17.0.2\/svg\/1f697.svg\" alt=\"\ud83d\ude97\" \/>\u00a0\u2248 23 min<\/span><\/p>\n<\/div>\t\t\t\t\t\t\t\t<\/div>\n\t\t\t\t<div class=\"elementor-element elementor-element-eb72430 elementor-widget__width-initial elementor-widget elementor-widget-text-editor\" data-id=\"eb72430\" data-element_type=\"widget\" data-e-type=\"widget\" data-widget_type=\"text-editor.default\">\n\t\t\t\t\t\t\t\t\t<div style=\"flex-shrink: 0;\">\u00a0<b>Rose du Ch\u00e2teau :\u00a0<\/b><\/div>\n<div style=\"line-height: 1.5;\">\n<p class=\"cvGsUA direction-ltr align-center para-style-body\"><span class=\"a_GcMg font-feature-liga-off font-feature-clig-off font-feature-calt-off text-decoration-none text-strikethrough-none\"><img decoding=\"async\" class=\"emoji\" role=\"img\" draggable=\"false\" src=\"https:\/\/s.w.org\/images\/core\/emoji\/17.0.2\/svg\/1f697.svg\" alt=\"\ud83d\ude97\" \/>\u00a0\u2248 17 min<\/span><\/p>\n<\/div>\t\t\t\t\t\t\t\t<\/div>\n\t\t<a class=\"eael-wrapper-link-2eddb67 --eael-wrapper-link-tag\" href=\"https:\/\/hautacam.com\/fr\/\" target=\"_blank\"><\/a>\t\t<div data-eael-wrapper-link=\"eael-wrapper-link-2eddb67\" class=\"elementor-element elementor-element-2eddb67 elementor-align-center elementor-widget elementor-widget-button\" data-id=\"2eddb67\" data-element_type=\"widget\" data-e-type=\"widget\" data-widget_type=\"button.default\">\n\t\t\t\t\t\t\t\t\t\t<a class=\"elementor-button elementor-button-link elementor-size-sm\" href=\"https:\/\/www.booking.com\/hotel\/fr\/la-rose-du-chateau\" target=\"_blank\">\n\t\t\t\t\t\t<span class=\"elementor-button-content-wrapper\">\n\t\t\t\t\t\t\t\t\t<span class=\"elementor-button-text\">En savoir plus<\/span>\n\t\t\t\t\t<\/span>\n\t\t\t\t\t<\/a>\n\t\t\t\t\t\t\t\t<\/div>\n\t\t\t\t<\/div>\n\t\t\t\t<\/div>\n\t\t\t\t<\/div>","protected":false},"excerpt":{"rendered":"<p>PARC DE LOISIRSDU HAUTACAM \u00a0 \u201cLe parc offre des activit\u00e9s estivales telles que la Mountain Luge, le Zippy Bike, le D\u00e9valkart, le tubing, ainsi que des parcours de trottinette tout-terrain. En hiver, le site propose des activit\u00e9s comme la luge sur rail, le ski de fond, les raquettes, et des descentes en trottinette ou en [&hellip;]<\/p>\n","protected":false},"author":1,"featured_media":0,"parent":0,"menu_order":0,"comment_status":"closed","ping_status":"closed","template":"elementor_header_footer","meta":{"footnotes":""},"class_list":["post-5380","page","type-page","status-publish","hentry"],"_hostinger_reach_plugin_has_subscription_block":false,"_hostinger_reach_plugin_is_elementor":false,"_links":{"self":[{"href":"https:\/\/lesrosesdelourdes.com\/en\/wp-json\/wp\/v2\/pages\/5380","targetHints":{"allow":["GET"]}}],"collection":[{"href":"https:\/\/lesrosesdelourdes.com\/en\/wp-json\/wp\/v2\/pages"}],"about":[{"href":"https:\/\/lesrosesdelourdes.com\/en\/wp-json\/wp\/v2\/types\/page"}],"author":[{"embeddable":true,"href":"https:\/\/lesrosesdelourdes.com\/en\/wp-json\/wp\/v2\/users\/1"}],"replies":[{"embeddable":true,"href":"https:\/\/lesrosesdelourdes.com\/en\/wp-json\/wp\/v2\/comments?post=5380"}],"version-history":[{"count":4,"href":"https:\/\/lesrosesdelourdes.com\/en\/wp-json\/wp\/v2\/pages\/5380\/revisions"}],"predecessor-version":[{"id":5385,"href":"https:\/\/lesrosesdelourdes.com\/en\/wp-json\/wp\/v2\/pages\/5380\/revisions\/5385"}],"wp:attachment":[{"href":"https:\/\/lesrosesdelourdes.com\/en\/wp-json\/wp\/v2\/media?parent=5380"}],"curies":[{"name":"wp","href":"https:\/\/api.w.org\/{rel}","templated":true}]}}