{"id":3161,"date":"2026-02-10T17:18:20","date_gmt":"2026-02-10T17:18:20","guid":{"rendered":"https:\/\/lesrosesdelourdes.com\/?page_id=3161"},"modified":"2026-03-18T13:47:50","modified_gmt":"2026-03-18T13:47:50","slug":"polittique-de-condifentialite","status":"publish","type":"page","link":"https:\/\/lesrosesdelourdes.com\/en_us\/polittique-de-condifentialite\/","title":{"rendered":"Privacy policy"},"content":{"rendered":"<p><\/p>\n\n\n\n<p><\/p>\n\n\n\n<p>The Roses of Lourdes<\/p>\n\n\n\n<p>La SAS LES ROSES DE LOURDES, propri\u00e9taire du site <a href=\"https:\/\/lesrosesdelourdes.com\/en_us\/\">www.lesrosesdelourdes.com<\/a>, attach\u00e9e \u00e0 la protection de vos donn\u00e9es personnelles, met en place la pr\u00e9sente politique de confidentialit\u00e9 afin de vous informer sur la collecte, le traitement et la protection de vos informations personnelles lors de votre navigation sur le site ou lors de l\u2019utilisation de nos services.<\/p>\n\n\n\n<p>Cette politique s\u2019applique \u00e0 l\u2019ensemble des services li\u00e9s <strong>aux maisons d\u2019h\u00f4tes Les Roses de Lourdes : Le Domaine de Rose et La Rose du Ch\u00e2teau.<\/strong><\/p>\n\n\n\n<ol class=\"wp-block-list\">\n<li>Donn\u00e9es personnelles collect\u00e9es<\/li>\n<\/ol>\n\n\n\n<p>Nous pouvons collecter les informations suivantes :&nbsp;<\/p>\n\n\n\n<ul class=\"wp-block-list\">\n<li><strong>Via nos formulaires de contact ou de r\u00e9servation :<\/strong> nom, pr\u00e9nom, adresse e-mail, num\u00e9ro de t\u00e9l\u00e9phone, nom de votre soci\u00e9t\u00e9 (le cas \u00e9ch\u00e9ant), informations&nbsp; de s\u00e9jour (date, nombre de personnes, identit\u00e9s des personnes, etc.).<\/li>\n\n\n\n<li><strong>Donn\u00e9es de navigation :<\/strong> adresse IP, pages consult\u00e9es, dur\u00e9e de consultation, chemin de navigation sur le site, via des outils d\u2019analyse tels que Google Analytics.<\/li>\n\n\n\n<li><strong>Cookies et technologies similaires :<\/strong> pixels, scripts et redirections utilis\u00e9s pour am\u00e9liorer votre exp\u00e9rience et analyser la fr\u00e9quentation du site.<\/li>\n<\/ul>\n\n\n\n<p><strong>Usage des donn\u00e9es :&nbsp;<\/strong><\/p>\n\n\n\n<ul class=\"wp-block-list\">\n<li>Gestion des demandes et r\u00e9servations.<\/li>\n\n\n\n<li>Communication commerciale et promotionnelle (avec votre consentement).<\/li>\n\n\n\n<li>Analyses statistiques pour am\u00e9liorer le contenu et le fonctionnement du site.<\/li>\n<\/ul>\n\n\n\n<ol start=\"2\" class=\"wp-block-list\">\n<li>Destinataires des donn\u00e9es<\/li>\n<\/ol>\n\n\n\n<p>Vos donn\u00e9es sont exclusivement destin\u00e9es \u00e0 la SAS LES ROSES DE LOURDES et ne sont jamais c\u00e9d\u00e9es, vendues et partag\u00e9es \u00e0 des tiers \u00e0 des fins commerciales.<\/p>\n\n\n\n<p><strong>Sous-traitants<\/strong> : certaines donn\u00e9es peuvent \u00eatre trait\u00e9es par nos prestataires externes, tels que :<\/p>\n\n\n\n<ul class=\"wp-block-list\">\n<li>Notre <strong>h\u00e9bergeur web<\/strong>,<\/li>\n\n\n\n<li>Les <strong>plateformes de r\u00e9servation<\/strong> (ex. Booking.com, Airbnb),<\/li>\n\n\n\n<li>Les <strong>outils de statistiques et de communication<\/strong> (ex. Google Analytics, Mailchimp\/Brevo).<\/li>\n<\/ul>\n\n\n\n<p>Ces prestataires s\u2019engagent \u00e0 respecter le RGPD et \u00e0 assurer la protection des donn\u00e9es personnelles.<\/p>\n\n\n\n<ol start=\"3\" class=\"wp-block-list\">\n<li>Conservation des donn\u00e9es<\/li>\n<\/ol>\n\n\n\n<p>Les donn\u00e9es personnelles sont conserv\u00e9es :&nbsp;<\/p>\n\n\n\n<ul class=\"wp-block-list\">\n<li>Durant la relation commerciale et jusqu\u2019\u00e0 12 mois apr\u00e8s la fin.<\/li>\n\n\n\n<li>Plus longtemps uniquement si une obligation l\u00e9gale le requiert, conform\u00e9ment au Code de commerce, Code civil et Code de la consommation.<\/li>\n<\/ul>\n\n\n\n<ol start=\"4\" class=\"wp-block-list\">\n<li>S\u00e9curit\u00e9 et confidentialit\u00e9<\/li>\n<\/ol>\n\n\n\n<p>La SAS LES ROSES DE LOURDES met en oeuvre toutes les mesures techniques et organisationnelles n\u00e9cessaires pour prot\u00e9ger vos donn\u00e9es personnelles contre toute perte, alt\u00e9ration ou acc\u00e8s non autoris\u00e9, conform\u00e9ment aux dispositions l\u00e9gales en vigueur.\u00a0<\/p>\n\n\n\n<ol start=\"5\" class=\"wp-block-list\">\n<li>Vos droits<\/li>\n<\/ol>\n\n\n\n<p>Conform\u00e9ment \u00e0 la loi \u201cInformatique et Libert\u00e9s\u201d n\u00b078-17 du 6 janvier 1978 et au RGPD :&nbsp;<\/p>\n\n\n\n<p>Vous disposez d\u2019un droit de :&nbsp;<\/p>\n\n\n\n<ul class=\"wp-block-list\">\n<li><strong>Droit d\u2019acc\u00e8s<\/strong> : obtenir la confirmation que vos donn\u00e9es sont trait\u00e9es et acc\u00e9der \u00e0 ces donn\u00e9es.<\/li>\n\n\n\n<li><strong>Droit de rectification<\/strong> : corriger ou compl\u00e9ter vos informations si elles sont inexactes.<\/li>\n\n\n\n<li><strong>Droit \u00e0 l\u2019effacement<\/strong> : demander la suppression de vos donn\u00e9es personnelles.<\/li>\n\n\n\n<li><strong>Droit \u00e0 la limitation du traitement<\/strong> : restreindre temporairement l\u2019utilisation de vos donn\u00e9es dans certains cas pr\u00e9vus par le RGPD.<\/li>\n\n\n\n<li><strong>Droit d\u2019opposition<\/strong> : vous opposer \u00e0 certains traitements, notamment \u00e0 des fins de prospection commerciale.<\/li>\n\n\n\n<li><strong>Droit \u00e0 la portabilit\u00e9<\/strong> : recevoir vos donn\u00e9es personnelles dans un format structur\u00e9, couramment utilis\u00e9 et lisible par machine, et les transmettre \u00e0 un autre responsable de traitement si vous le souhaitez.<\/li>\n<\/ul>\n\n\n\n<p>Pour exercer vos droits, vous pouvez nous contacter :&nbsp;<\/p>\n\n\n\n<ul class=\"wp-block-list\">\n<li><strong>Par courrier : <\/strong>SAS LES ROSES DE LOURDES &#8211; 28 Avenue Jean Prat 65100 Lourdes, France<\/li>\n\n\n\n<li><strong>Par e-mail :<\/strong> <a href=\"mailto:contact@lesrosesdelourdes.com\">contact@lesrosesdelourdes.com<\/a><\/li>\n<\/ul>\n\n\n\n<p>Si vous ne souhaitez plus recevoir de communications commerciales, vous pouvez vous d\u00e9sinscrire \u00e0 tout moment via nos e-mails ou nous contacter directement.&nbsp;<\/p>\n\n\n\n<ol start=\"6\" class=\"wp-block-list\">\n<li>Intellectual property<\/li>\n<\/ol>\n\n\n\n<p>Le contenu du site <a href=\"https:\/\/lesrosesdelourdes.com\/en_us\/\">www.lesrosesdelourdes.com<\/a> (textes, images, vid\u00e9os, logos) est la propri\u00e9t\u00e9 de la SAS LES ROSES DE LOURDES.<\/p>\n\n\n\n<p>Toute reproduction, modification, diffusion ou utilisation \u00e0 des fins commerciales est <strong>strictement interdite<\/strong> sans autorisation \u00e9crite pr\u00e9alable. Une utilisation personnelle est autoris\u00e9e en mentionnant la source et l\u2019auteur.<\/p>\n\n\n\n<ol start=\"7\" class=\"wp-block-list\">\n<li>Liability<\/li>\n<\/ol>\n\n\n\n<ul class=\"wp-block-list\">\n<li><strong>Liens entrants :<\/strong> Vous pouvez cr\u00e9er un lien vers notre site sous r\u00e9serve qu\u2019il ouvre une nouvelle fen\u00eatre et qu\u2019il ne soit pas utilis\u00e9 \u00e0 des fins commerciales ou publicitaires.<\/li>\n\n\n\n<li><strong>Liens sortants :<\/strong> Notre site peut contenir des liens vers d\u2019autres sites. Nous ne sommes pas responsables de leurs contenus, mises \u00e0 jour ou pratiques en mati\u00e8re de donn\u00e9es personnelles.<\/li>\n<\/ul>\n\n\n\n<ol start=\"8\" class=\"wp-block-list\">\n<li>Modifications<\/li>\n<\/ol>\n\n\n\n<p>La SAS LES ROSES DE LOURDES se r\u00e9serve le droit de modifier cette politique de confidentialit\u00e9 \u00e0 tout moment. Toute modification sera publi\u00e9e sur cette page avec la date de mise \u00e0 jour.<\/p>\n\n\n\n<p><strong>Date de derni\u00e8re mise \u00e0 jour :<\/strong> 18\/03\/2026<\/p>","protected":false},"excerpt":{"rendered":"<p>Les Roses de Lourdes La SAS LES ROSES DE LOURDES, propri\u00e9taire du site www.lesrosesdelourdes.com, attach\u00e9e \u00e0 la protection de vos donn\u00e9es personnelles, met en place la pr\u00e9sente politique de confidentialit\u00e9 afin de vous informer sur la collecte, le traitement et la protection de vos informations personnelles lors de votre navigation sur le site ou lors [&hellip;]<\/p>\n","protected":false},"author":1,"featured_media":0,"parent":0,"menu_order":0,"comment_status":"closed","ping_status":"closed","template":"","meta":{"footnotes":""},"class_list":["post-3161","page","type-page","status-publish","hentry"],"_hostinger_reach_plugin_has_subscription_block":false,"_hostinger_reach_plugin_is_elementor":false,"_links":{"self":[{"href":"https:\/\/lesrosesdelourdes.com\/en_us\/wp-json\/wp\/v2\/pages\/3161","targetHints":{"allow":["GET"]}}],"collection":[{"href":"https:\/\/lesrosesdelourdes.com\/en_us\/wp-json\/wp\/v2\/pages"}],"about":[{"href":"https:\/\/lesrosesdelourdes.com\/en_us\/wp-json\/wp\/v2\/types\/page"}],"author":[{"embeddable":true,"href":"https:\/\/lesrosesdelourdes.com\/en_us\/wp-json\/wp\/v2\/users\/1"}],"replies":[{"embeddable":true,"href":"https:\/\/lesrosesdelourdes.com\/en_us\/wp-json\/wp\/v2\/comments?post=3161"}],"version-history":[{"count":10,"href":"https:\/\/lesrosesdelourdes.com\/en_us\/wp-json\/wp\/v2\/pages\/3161\/revisions"}],"predecessor-version":[{"id":4851,"href":"https:\/\/lesrosesdelourdes.com\/en_us\/wp-json\/wp\/v2\/pages\/3161\/revisions\/4851"}],"wp:attachment":[{"href":"https:\/\/lesrosesdelourdes.com\/en_us\/wp-json\/wp\/v2\/media?parent=3161"}],"curies":[{"name":"wp","href":"https:\/\/api.w.org\/{rel}","templated":true}]}}