{"id":3167,"date":"2026-02-10T17:22:21","date_gmt":"2026-02-10T17:22:21","guid":{"rendered":"https:\/\/lesrosesdelourdes.com\/?page_id=3167"},"modified":"2026-02-10T17:22:21","modified_gmt":"2026-02-10T17:22:21","slug":"politique-de-cookies","status":"publish","type":"page","link":"https:\/\/lesrosesdelourdes.com\/es\/politique-de-cookies\/","title":{"rendered":"Pol\u00edtica de cookies"},"content":{"rendered":"<p><\/p>\n\n\n\n<p>POL\u00cdTICA DE COOKIES<\/p>\n\n\n\n<ol class=\"wp-block-list\">\n<li>\u00bfQu\u00e9 es una galleta?<\/li>\n<\/ol>\n\n\n\n<p>Una cookie es un peque\u00f1o archivo de texto que se almacena en su dispositivo (ordenador, tableta, smartphone) cuando visita un sitio web. Las cookies se utilizan para almacenar determinada informaci\u00f3n con el fin de mejorar su experiencia de navegaci\u00f3n, analizar el uso del sitio y ofrecerle contenidos personalizados.<\/p>\n\n\n\n<p>Algunas cookies son espec\u00edficas del sitio, mientras que otras son proporcionadas por servicios de terceros (por ejemplo, Google Analytics, redes sociales).<\/p>\n\n\n\n<ol start=\"2\" class=\"wp-block-list\">\n<li>Tipos de cookies que utilizamos<\/li>\n<\/ol>\n\n\n\n<p>Utilizamos varios tipos de cookies para distintos fines:&nbsp;<\/p>\n\n\n\n<ul class=\"wp-block-list\">\n<li><strong>Cookies estrictamente necesarias : <\/strong>Estas cookies son esenciales para el funcionamiento del sitio, como la gesti\u00f3n de sus reservas o el mantenimiento de su sesi\u00f3n. Estas cookies no requieren su consentimiento.<\/li>\n\n\n\n<li><strong>Cookies de rendimiento :<\/strong> se utilizan para analizar el tr\u00e1fico del sitio web y mejorar la navegaci\u00f3n (por ejemplo, Google Analytics). Los datos recogidos son an\u00f3nimos o seud\u00f3nimos.<\/li>\n\n\n\n<li><strong>Cookies funcionales : <\/strong>recordar sus elecciones y preferencias, por ejemplo el idioma del sitio o la versi\u00f3n del sitio que est\u00e1 visitando. Tambi\u00e9n pueden incluir sus par\u00e1metros de conexi\u00f3n e interfaz.<\/li>\n\n\n\n<li><strong>Cookies de segmentaci\u00f3n\/publicidad : <\/strong>utilizadas para ofrecerle contenidos u ofertas adaptados a sus intereses (por ejemplo, redes sociales, campa\u00f1as publicitarias). Estas cookies suelen ser suministradas por terceros. Puede desactivar estas cookies a trav\u00e9s del banner de gesti\u00f3n o directamente en su navegador.\u00a0<\/li>\n<\/ul>\n\n\n\n<ol start=\"3\" class=\"wp-block-list\">\n<li>Consentimiento y gesti\u00f3n de cookies\u00a0<\/li>\n<\/ol>\n\n\n\n<p>En su primera visita al sitio, se le invita a aceptar o rechazar las cookies. El consentimiento es libre, espec\u00edfico, informado e inequ\u00edvoco. Tambi\u00e9n puede cambiar sus preferencias en cualquier momento a trav\u00e9s del banner de gesti\u00f3n de cookies. El rechazo de determinadas cookies no le impide navegar por el sitio.<\/p>\n\n\n\n<p>Puede configurar o eliminar las cookies directamente en su navegador:&nbsp;<\/p>\n\n\n\n<ul class=\"wp-block-list\">\n<li>Chrome: Configuraci\u00f3n &gt; Privacidad y seguridad &gt; Cookies<\/li>\n\n\n\n<li>Firefox: Opciones &gt; Privacidad y seguridad &gt; Cookies y datos del sitio<\/li>\n\n\n\n<li>Safari: Preferencias &gt; Privacidad &gt; Cookies y datos del sitio\u00a0<\/li>\n\n\n\n<li>Edge: Configuraci\u00f3n &gt; Cookies y autorizaciones del sitio\u00a0<\/li>\n<\/ul>\n\n\n\n<p>(Algunos navegadores m\u00f3viles o alternativos pueden tener ajustes espec\u00edficos).<\/p>\n\n\n\n<p>Advertencia: la eliminaci\u00f3n de las cookies puede provocar la p\u00e9rdida de sus preferencias y de determinados datos de conexi\u00f3n.&nbsp;<\/p>\n\n\n\n<ol start=\"4\" class=\"wp-block-list\">\n<li>Caducidad\u00a0<\/li>\n<\/ol>\n\n\n\n<p>La duraci\u00f3n de conservaci\u00f3n de las cookies var\u00eda en funci\u00f3n de su tipo y finalidad, generalmente de <strong>desde unos pocos d\u00edas hasta varios meses.&nbsp;<\/strong><\/p>\n\n\n\n<figure class=\"wp-block-table\"><table class=\"has-fixed-layout\"><tbody><tr><td><strong>Tipo de cookie<\/strong><\/td><td><strong>Prop\u00f3sito<\/strong><\/td><td><strong>Caducidad<\/strong><\/td><\/tr><tr><td><strong>Cookies estrictamente necesarias<\/strong><\/td><td><strong>Mantenimiento de sesiones, gesti\u00f3n de reservas<\/strong><\/td><td><strong>Hasta el final de la sesi\u00f3n<\/strong><\/td><\/tr><tr><td><strong>Cookies de rendimiento<\/strong><\/td><td><strong>An\u00e1lisis del n\u00famero de visitantes y mejora del sitio (por ejemplo, Google Analytics)<\/strong><\/td><td><strong>13 meses<\/strong><\/td><\/tr><tr><td><strong>Cookies funcionales<\/strong><\/td><td><strong>Memorizar las preferencias ling\u00fc\u00edsticas, la configuraci\u00f3n de la interfaz y las conexiones<\/strong><\/td><td><strong>6 meses<\/strong><\/td><\/tr><tr><td><strong>Cookies de segmentaci\u00f3n\/publicidad<\/strong><\/td><td><strong>Publicidad dirigida, redes sociales, recomendaciones personalizadas<\/strong><\/td><td><strong>De 3 a 6 meses<\/strong><\/td><\/tr><\/tbody><\/table><\/figure>\n\n\n\n<p>Para mayor transparencia, puede consultar en cualquier momento este cuadro, basado en las duraciones generalmente utilizadas, para conocer la duraci\u00f3n exacta de cada tipo de cookie.<\/p>\n\n\n\n<ol start=\"5\" class=\"wp-block-list\">\n<li>P\u00f3ngase en contacto con<\/li>\n<\/ol>\n\n\n\n<p>Si tiene alguna pregunta sobre nuestra pol\u00edtica de cookies, p\u00f3ngase en contacto con nosotros en : <strong>contact@lesrosesdelourdes.com. <\/strong>Nuestro objetivo es responder a sus solicitudes en un plazo de 15 d\u00edas.<\/p>","protected":false},"excerpt":{"rendered":"<p>POLITIQUE DE COOKIES Un cookie est un petit fichier texte enregistr\u00e9 sur votre appareil (ordinateur, tablette, smartphone) lorsque vous visitez un site web. Les cookies permettent de stocker certaines informations afin d\u2019am\u00e9liorer votre exp\u00e9rience de navigation, analyser l\u2019utilisation du site et vous proposer des contenus personnalis\u00e9s. Certains cookies sont propres au site, tandis que d\u2019autres [&hellip;]<\/p>\n","protected":false},"author":1,"featured_media":0,"parent":0,"menu_order":0,"comment_status":"closed","ping_status":"closed","template":"","meta":{"footnotes":""},"class_list":["post-3167","page","type-page","status-publish","hentry"],"_hostinger_reach_plugin_has_subscription_block":false,"_hostinger_reach_plugin_is_elementor":false,"_links":{"self":[{"href":"https:\/\/lesrosesdelourdes.com\/es\/wp-json\/wp\/v2\/pages\/3167","targetHints":{"allow":["GET"]}}],"collection":[{"href":"https:\/\/lesrosesdelourdes.com\/es\/wp-json\/wp\/v2\/pages"}],"about":[{"href":"https:\/\/lesrosesdelourdes.com\/es\/wp-json\/wp\/v2\/types\/page"}],"author":[{"embeddable":true,"href":"https:\/\/lesrosesdelourdes.com\/es\/wp-json\/wp\/v2\/users\/1"}],"replies":[{"embeddable":true,"href":"https:\/\/lesrosesdelourdes.com\/es\/wp-json\/wp\/v2\/comments?post=3167"}],"version-history":[{"count":1,"href":"https:\/\/lesrosesdelourdes.com\/es\/wp-json\/wp\/v2\/pages\/3167\/revisions"}],"predecessor-version":[{"id":3168,"href":"https:\/\/lesrosesdelourdes.com\/es\/wp-json\/wp\/v2\/pages\/3167\/revisions\/3168"}],"wp:attachment":[{"href":"https:\/\/lesrosesdelourdes.com\/es\/wp-json\/wp\/v2\/media?parent=3167"}],"curies":[{"name":"wp","href":"https:\/\/api.w.org\/{rel}","templated":true}]}}