{"id":3169,"date":"2026-02-10T17:23:25","date_gmt":"2026-02-10T17:23:25","guid":{"rendered":"https:\/\/lesrosesdelourdes.com\/?page_id=3169"},"modified":"2026-03-18T13:38:41","modified_gmt":"2026-03-18T13:38:41","slug":"mentions-legales","status":"publish","type":"page","link":"https:\/\/lesrosesdelourdes.com\/es\/mentions-legales\/","title":{"rendered":"Informaci\u00f3n jur\u00eddica"},"content":{"rendered":"<p><\/p>\n\n\n\n<p>Informaci\u00f3n jur\u00eddica<\/p>\n\n\n\n<ol class=\"wp-block-list\">\n<li>Editor del sitio<\/li>\n<\/ol>\n\n\n\n<p>El sitio web <strong>Las rosas de Lourdes <\/strong>(incluyendo <em>Le Domaine de Rose<\/em> y <em>La Rose du Ch\u00e2teau<\/em>) es publicado por :&nbsp;<\/p>\n\n\n\n<p><strong>Nombre de la empresa :<\/strong> SAS LES ROSES DE LOURDES<\/p>\n\n\n\n<p><strong>Forma jur\u00eddica :<\/strong> SAS au capital de 1 000\u20ac<\/p>\n\n\n\n<p><strong>Domicilio social: <\/strong>28 Avenue Jean Prat 65100 Lourdes<\/p>\n\n\n\n<p><strong>N\u00famero SIRET :<\/strong> 99986433300011<\/p>\n\n\n\n<p><strong>RCS :<\/strong> Tarbes<\/p>\n\n\n\n<p><strong>N\u00famero de IVA : <\/strong>FR28999864333<\/p>\n\n\n\n<p><strong>Directores de publicaci\u00f3n : <\/strong>\u00c9lodie SPREUX-DESBORDES y Fabrice SPREUX<\/p>\n\n\n\n<p><strong>Contacto:<\/strong> <a href=\"mailto:contact@lesrosesdelourdes.com\">contact@lesrosesdelourdes.com<\/a> \/ +33 (0)6 63 69 11 10<\/p>\n\n\n\n<ol start=\"2\" class=\"wp-block-list\">\n<li>Alojamiento<\/li>\n<\/ol>\n\n\n\n<p>El sitio est\u00e1 alojado en :&nbsp;<\/p>\n\n\n\n<p><strong>Organizado por : <\/strong>Infomaniak<\/p>\n\n\n\n<p><strong>Direcci\u00f3n: <\/strong>Rue Eug\u00e8ne-Marziano 25, 1227 Ginebra, Suiza<\/p>\n\n\n\n<p><strong>Tel\u00e9fono : <\/strong>+41 22 820 35 40<\/p>\n\n\n\n<p><strong>P\u00e1gina web : <\/strong>https:\/\/www.infomaniak.com\/fr<\/p>\n\n\n\n<ol start=\"3\" class=\"wp-block-list\">\n<li>Propiedad intelectual<\/li>\n<\/ol>\n\n\n\n<p>Todo el sitio y su contenido (texto, im\u00e1genes, v\u00eddeos, logotipos, gr\u00e1ficos, etc.) est\u00e1n protegidos por derechos de autor.&nbsp;<\/p>\n\n\n\n<p>Queda prohibida cualquier reproducci\u00f3n, representaci\u00f3n, modificaci\u00f3n, publicaci\u00f3n, transmisi\u00f3n o distorsi\u00f3n, total o parcial, de este sitio o de su contenido, por cualquier medio, sin la autorizaci\u00f3n previa por escrito de <strong>Las rosas de Lourdes<\/strong>.<\/p>\n\n\n\n<ol start=\"4\" class=\"wp-block-list\">\n<li>Datos personales<\/li>\n<\/ol>\n\n\n\n<p>El sitio puede recoger datos personales a trav\u00e9s de :&nbsp;<\/p>\n\n\n\n<ul class=\"wp-block-list\">\n<li>Formulario de contacto<\/li>\n\n\n\n<li>Reservas en l\u00ednea<\/li>\n\n\n\n<li>Bolet\u00edn<\/li>\n<\/ul>\n\n\n\n<p><strong>Objeto :<\/strong> Los datos recogidos se utilizan \u00fanicamente para responder a las solicitudes, gestionar las reservas y proporcionar informaci\u00f3n sobre ofertas y noticias.&nbsp;<\/p>\n\n\n\n<p><strong>Caducidad : <\/strong>Los datos se conservan durante 12 meses.<\/p>\n\n\n\n<p><strong>Responsable del tratamiento : <\/strong>Los datos son tratados por Les Roses de Lourdes o, en su caso, por sus subcontratistas en el marco de la gesti\u00f3n del sitio y de los servicios asociados.<\/p>\n\n\n\n<p><strong>Derechos del usuario : <\/strong>De conformidad con el RGPD, usted tiene derecho de acceso, rectificaci\u00f3n, supresi\u00f3n, limitaci\u00f3n y oposici\u00f3n, as\u00ed como derecho a la portabilidad de sus datos personales. Puede retirar su consentimiento en cualquier momento.<\/p>\n\n\n\n<p>Para ejercer sus derechos o si tiene alguna pregunta sobre sus datos, p\u00f3ngase en contacto con <strong>Las rosas de Lourdes<\/strong> a la siguiente direcci\u00f3n de correo electr\u00f3nico: contact@lesrosesdelourdes.com.<\/p>\n\n\n\n<p>Para m\u00e1s detalles, consulte nuestra pol\u00edtica de privacidad.<\/p>\n\n\n\n<p><strong>Cookies : <\/strong>El sitio utiliza cookies para mejorar la navegaci\u00f3n y ofrecer contenidos personalizados. En la primera visita se muestra un banner informativo. Puede aceptar o rechazar las cookies en cualquier momento.<\/p>\n\n\n\n<p>Para m\u00e1s informaci\u00f3n, consulte nuestra pol\u00edtica de cookies.<\/p>\n\n\n\n<ol start=\"5\" class=\"wp-block-list\">\n<li>Responsabilidad<\/li>\n<\/ol>\n\n\n\n<p>La informaci\u00f3n publicada en el sitio se proporciona a t\u00edtulo informativo y no es responsabilidad de Les Roses de Lourdes, salvo en caso de negligencia grave o dolo.<\/p>\n\n\n\n<ol start=\"6\" class=\"wp-block-list\">\n<li>Enlaces externos<\/li>\n<\/ol>\n\n\n\n<p>El sitio puede contener enlaces a otros sitios. Les Roses de Lourdes no es responsable del contenido de estos sitios externos.<\/p>","protected":false},"excerpt":{"rendered":"<p>Mentions l\u00e9gales Le site Les Roses de Lourdes (regroupant Le Domaine de Rose et La Rose du Ch\u00e2teau) est \u00e9dit\u00e9 par :&nbsp; Raison sociale : SAS LES ROSES DE LOURDES Forme juridique : SAS au capital de 1 000\u20ac Si\u00e8ge social : 28 Avenue Jean Prat 65100 Lourdes Num\u00e9ro de SIRET : 99986433300011 RCS : [&hellip;]<\/p>\n","protected":false},"author":1,"featured_media":0,"parent":0,"menu_order":0,"comment_status":"closed","ping_status":"closed","template":"","meta":{"footnotes":""},"class_list":["post-3169","page","type-page","status-publish","hentry"],"_hostinger_reach_plugin_has_subscription_block":false,"_hostinger_reach_plugin_is_elementor":false,"_links":{"self":[{"href":"https:\/\/lesrosesdelourdes.com\/es\/wp-json\/wp\/v2\/pages\/3169","targetHints":{"allow":["GET"]}}],"collection":[{"href":"https:\/\/lesrosesdelourdes.com\/es\/wp-json\/wp\/v2\/pages"}],"about":[{"href":"https:\/\/lesrosesdelourdes.com\/es\/wp-json\/wp\/v2\/types\/page"}],"author":[{"embeddable":true,"href":"https:\/\/lesrosesdelourdes.com\/es\/wp-json\/wp\/v2\/users\/1"}],"replies":[{"embeddable":true,"href":"https:\/\/lesrosesdelourdes.com\/es\/wp-json\/wp\/v2\/comments?post=3169"}],"version-history":[{"count":2,"href":"https:\/\/lesrosesdelourdes.com\/es\/wp-json\/wp\/v2\/pages\/3169\/revisions"}],"predecessor-version":[{"id":4845,"href":"https:\/\/lesrosesdelourdes.com\/es\/wp-json\/wp\/v2\/pages\/3169\/revisions\/4845"}],"wp:attachment":[{"href":"https:\/\/lesrosesdelourdes.com\/es\/wp-json\/wp\/v2\/media?parent=3169"}],"curies":[{"name":"wp","href":"https:\/\/api.w.org\/{rel}","templated":true}]}}