{"id":3760,"date":"2026-02-12T21:41:11","date_gmt":"2026-02-12T21:41:11","guid":{"rendered":"https:\/\/lesrosesdelourdes.com\/?page_id=3760"},"modified":"2026-02-25T15:20:04","modified_gmt":"2026-02-25T15:20:04","slug":"rc-chambre-double-1er","status":"publish","type":"page","link":"https:\/\/lesrosesdelourdes.com\/es\/rc-chambre-double-1er\/","title":{"rendered":"RC &#8211; Chambre Double 1er"},"content":{"rendered":"<div data-elementor-type=\"wp-page\" data-elementor-id=\"3760\" class=\"elementor elementor-3760\" data-elementor-post-type=\"page\">\n\t\t\t\t<div class=\"elementor-element elementor-element-1c5d1e1 e-flex e-con-boxed e-con e-parent\" data-id=\"1c5d1e1\" data-element_type=\"container\" data-e-type=\"container\" data-settings=\"{&quot;background_background&quot;:&quot;classic&quot;}\">\n\t\t\t\t\t<div class=\"e-con-inner\">\n\t\t<div class=\"elementor-element elementor-element-ecfcd2b e-con-full e-flex e-con e-child\" data-id=\"ecfcd2b\" data-element_type=\"container\" data-e-type=\"container\" data-settings=\"{&quot;background_background&quot;:&quot;classic&quot;}\">\n\t\t\t\t<div class=\"elementor-element elementor-element-2733e87 elementor-pagination-position-outside elementor-widget-mobile__width-inherit elementor-arrows-position-inside elementor-widget elementor-widget-slides\" data-id=\"2733e87\" data-element_type=\"widget\" data-e-type=\"widget\" data-settings=\"{&quot;navigation&quot;:&quot;both&quot;,&quot;autoplay&quot;:&quot;yes&quot;,&quot;pause_on_interaction&quot;:&quot;yes&quot;,&quot;autoplay_speed&quot;:5000,&quot;infinite&quot;:&quot;yes&quot;,&quot;transition&quot;:&quot;slide&quot;,&quot;transition_speed&quot;:500}\" data-widget_type=\"slides.default\">\n\t\t\t\t\t\t\t\t\t\t<div class=\"elementor-slides-wrapper elementor-main-swiper swiper\" role=\"region\" aria-roledescription=\"carousel\" aria-label=\"Diapositivas\" dir=\"ltr\" data-animation=\"fadeInUp\">\n\t\t\t\t<div class=\"swiper-wrapper elementor-slides\">\n\t\t\t\t\t\t\t\t\t\t<div class=\"elementor-repeater-item-8d83ecd swiper-slide\" role=\"group\" aria-roledescription=\"slide\"><div class=\"swiper-slide-bg\" role=\"img\" aria-label=\"foto1\"><\/div><div class=\"swiper-slide-inner\" ><div class=\"swiper-slide-contents\"><\/div><\/div><\/div><div class=\"elementor-repeater-item-2d4bb1c swiper-slide\" role=\"group\" aria-roledescription=\"slide\"><div class=\"swiper-slide-bg\" role=\"img\" aria-label=\"foto2\"><\/div><div class=\"swiper-slide-inner\" ><div class=\"swiper-slide-contents\"><\/div><\/div><\/div>\t\t\t\t<\/div>\n\t\t\t\t\t\t\t\t\t\t\t\t\t\t\t<div class=\"elementor-swiper-button elementor-swiper-button-prev\" role=\"button\" tabindex=\"0\" aria-label=\"Diapositiva anterior\">\n\t\t\t\t\t\t\t<svg aria-hidden=\"true\" class=\"e-font-icon-svg e-eicon-chevron-left\" viewbox=\"0 0 1000 1000\" xmlns=\"http:\/\/www.w3.org\/2000\/svg\"><path d=\"M646 125C629 125 613 133 604 142L308 442C296 454 292 471 292 487 292 504 296 521 308 533L604 854C617 867 629 875 646 875 663 875 679 871 692 858 704 846 713 829 713 812 713 796 708 779 692 767L438 487 692 225C700 217 708 204 708 187 708 171 704 154 692 142 675 129 663 125 646 125Z\"><\/path><\/svg>\t\t\t\t\t\t<\/div>\n\t\t\t\t\t\t<div class=\"elementor-swiper-button elementor-swiper-button-next\" role=\"button\" tabindex=\"0\" aria-label=\"Siguiente diapositiva\">\n\t\t\t\t\t\t\t<svg aria-hidden=\"true\" class=\"e-font-icon-svg e-eicon-chevron-right\" viewbox=\"0 0 1000 1000\" xmlns=\"http:\/\/www.w3.org\/2000\/svg\"><path d=\"M696 533C708 521 713 504 713 487 713 471 708 454 696 446L400 146C388 133 375 125 354 125 338 125 325 129 313 142 300 154 292 171 292 187 292 204 296 221 308 233L563 492 304 771C292 783 288 800 288 817 288 833 296 850 308 863 321 871 338 875 354 875 371 875 388 867 400 854L696 533Z\"><\/path><\/svg>\t\t\t\t\t\t<\/div>\n\t\t\t\t\t\t\t\t\t\t\t\t\t\t\t\t<div class=\"swiper-pagination\"><\/div>\n\t\t\t\t\t\t\t\t\t\t\t\t<\/div>\n\t\t\t\t\t\t\t\t<\/div>\n\t\t\t\t<div class=\"elementor-element elementor-element-39ee1e0 elementor-widget-mobile__width-inherit elementor-widget elementor-widget-heading\" data-id=\"39ee1e0\" data-element_type=\"widget\" data-e-type=\"widget\" data-widget_type=\"heading.default\">\n\t\t\t\t\t<h2 class=\"elementor-heading-title elementor-size-default\">HABITACI\u00d3N DOBLE<\/h2>\t\t\t\t<\/div>\n\t\t\t\t<div class=\"elementor-element elementor-element-7a958a7 elementor-widget-mobile__width-inherit elementor-widget elementor-widget-heading\" data-id=\"7a958a7\" data-element_type=\"widget\" data-e-type=\"widget\" data-widget_type=\"heading.default\">\n\t\t\t\t\t<h2 class=\"elementor-heading-title elementor-size-default\">1\u00aa PLANTA<\/h2>\t\t\t\t<\/div>\n\t\t\t\t<div class=\"elementor-element elementor-element-c400781 elementor-widget elementor-widget-heading\" data-id=\"c400781\" data-element_type=\"widget\" data-e-type=\"widget\" data-widget_type=\"heading.default\">\n\t\t\t\t\t<h2 class=\"elementor-heading-title elementor-size-default\">Su capullo para una escapada rom\u00e1ntica<\/h2>\t\t\t\t<\/div>\n\t\t<div class=\"elementor-element elementor-element-c047d7e e-con-full e-flex e-con e-child\" data-id=\"c047d7e\" data-element_type=\"container\" data-e-type=\"container\">\n\t\t<div class=\"elementor-element elementor-element-aa9a1ca e-con-full e-flex e-con e-child\" data-id=\"aa9a1ca\" data-element_type=\"container\" data-e-type=\"container\">\n\t\t\t\t<div class=\"elementor-element elementor-element-c2fed10 elementor-widget__width-initial elementor-widget elementor-widget-text-editor\" data-id=\"c2fed10\" data-element_type=\"widget\" data-e-type=\"widget\" data-widget_type=\"text-editor.default\">\n\t\t\t\t\t\t\t\t\t<div style=\"display: flex; align-items: center; gap: 12px; margin-bottom: 15px;\"><div style=\"flex-shrink: 0;\"><img decoding=\"async\" src=\"https:\/\/lesrosesdelourdes.com\/wp-content\/uploads\/2026\/02\/SCR-20260211-ssow.png\" width=\"50\" \/><\/div><div style=\"line-height: 1.5;\">Amplio dormitorio de 18 m\u00b2<\/div><\/div>\t\t\t\t\t\t\t\t<\/div>\n\t\t\t\t<\/div>\n\t\t<div class=\"elementor-element elementor-element-602b4c3 e-con-full e-flex e-con e-child\" data-id=\"602b4c3\" data-element_type=\"container\" data-e-type=\"container\">\n\t\t\t\t<div class=\"elementor-element elementor-element-bb540ae elementor-widget__width-initial elementor-widget elementor-widget-text-editor\" data-id=\"bb540ae\" data-element_type=\"widget\" data-e-type=\"widget\" data-widget_type=\"text-editor.default\">\n\t\t\t\t\t\t\t\t\t<div style=\"display: flex; align-items: center; gap: 12px; margin-bottom: 15px;\"><div style=\"flex-shrink: 0;\"><img decoding=\"async\" src=\"https:\/\/lesrosesdelourdes.com\/wp-content\/uploads\/2026\/02\/SCR-20260211-ssuq.png\" width=\"50\" \/><\/div><div style=\"line-height: 1.5;\">Cuarto de ba\u00f1o con doble lavabo y ducha, WC en el cuarto de ba\u00f1o<\/div><\/div>\t\t\t\t\t\t\t\t<\/div>\n\t\t\t\t<\/div>\n\t\t\t\t<\/div>\n\t\t<div class=\"elementor-element elementor-element-b65524d e-con-full e-flex e-con e-child\" data-id=\"b65524d\" data-element_type=\"container\" data-e-type=\"container\">\n\t\t<div class=\"elementor-element elementor-element-7787355 e-con-full e-flex e-con e-child\" data-id=\"7787355\" data-element_type=\"container\" data-e-type=\"container\">\n\t\t\t\t<div class=\"elementor-element elementor-element-26eb85c elementor-widget__width-initial elementor-widget elementor-widget-text-editor\" data-id=\"26eb85c\" data-element_type=\"widget\" data-e-type=\"widget\" data-widget_type=\"text-editor.default\">\n\t\t\t\t\t\t\t\t\t<div style=\"display: flex; align-items: center; gap: 12px; margin-bottom: 15px;\">\n<div style=\"flex-shrink: 0;\"><img decoding=\"async\" src=\"https:\/\/lesrosesdelourdes.com\/wp-content\/uploads\/2026\/02\/SCR-20260211-ssqe.png\" width=\"50\" \/><\/div>\n<div style=\"line-height: 1.5;\">Dormitorio 2 camas 90\u00d7200 <\/br>o 180\u00d7200 como pareja\n<\/br>Ropa de cama y camas hechas<\/div>\n<\/div>\t\t\t\t\t\t\t\t<\/div>\n\t\t\t\t<\/div>\n\t\t<div class=\"elementor-element elementor-element-0160a1c e-con-full e-flex e-con e-child\" data-id=\"0160a1c\" data-element_type=\"container\" data-e-type=\"container\">\n\t\t\t\t<div class=\"elementor-element elementor-element-f4b4b58 elementor-widget__width-initial elementor-widget elementor-widget-text-editor\" data-id=\"f4b4b58\" data-element_type=\"widget\" data-e-type=\"widget\" data-widget_type=\"text-editor.default\">\n\t\t\t\t\t\t\t\t\t<div style=\"display: flex; align-items: center; gap: 12px; margin-bottom: 15px;\">\n<div style=\"flex-shrink: 0;\"><img decoding=\"async\" src=\"https:\/\/lesrosesdelourdes.com\/wp-content\/uploads\/2026\/02\/SCR-20260211-sssp.png\" width=\"50\" \/><\/div>\n<div style=\"line-height: 1.5;\">Secador de pelo<\/div>\n<\/div>\t\t\t\t\t\t\t\t<\/div>\n\t\t\t\t<\/div>\n\t\t\t\t<\/div>\n\t\t<div class=\"elementor-element elementor-element-35e591b e-con-full e-flex e-con e-child\" data-id=\"35e591b\" data-element_type=\"container\" data-e-type=\"container\">\n\t\t<div class=\"elementor-element elementor-element-307d24e e-con-full e-flex e-con e-child\" data-id=\"307d24e\" data-element_type=\"container\" data-e-type=\"container\">\n\t\t\t\t<\/div>\n\t\t<div class=\"elementor-element elementor-element-9a6801a e-con-full e-flex e-con e-child\" data-id=\"9a6801a\" data-element_type=\"container\" data-e-type=\"container\">\n\t\t\t\t<\/div>\n\t\t\t\t<\/div>\n\t\t\t\t<\/div>\n\t\t\t\t\t<\/div>\n\t\t\t\t<\/div>\n\t\t<div class=\"elementor-element elementor-element-797a70f e-flex e-con-boxed e-con e-parent\" data-id=\"797a70f\" data-element_type=\"container\" data-e-type=\"container\">\n\t\t\t\t\t<div class=\"e-con-inner\">\n\t\t\t\t<div class=\"elementor-element elementor-element-a1b1475 elementor-align-center elementor-widget elementor-widget-button\" data-id=\"a1b1475\" data-element_type=\"widget\" data-e-type=\"widget\" data-widget_type=\"button.default\">\n\t\t\t\t\t\t\t\t\t\t<a class=\"elementor-button elementor-button-link elementor-size-sm\" href=\"https:\/\/www.booking.com\/hotel\/fr\/la-rose-du-chateau\" target=\"_blank\">\n\t\t\t\t\t\t<span class=\"elementor-button-content-wrapper\">\n\t\t\t\t\t\t\t\t\t<span class=\"elementor-button-text\">Reserve<\/span>\n\t\t\t\t\t<\/span>\n\t\t\t\t\t<\/a>\n\t\t\t\t\t\t\t\t<\/div>\n\t\t\t\t\t<\/div>\n\t\t\t\t<\/div>\n\t\t\t\t<\/div>","protected":false},"excerpt":{"rendered":"<p>CHAMBRE DOUBLE 1er \u00c9TAGE Votre coconl pour une escapade en amoureux Spacieuse chambre de 18 m\u00b2Salle de bain double vasque avec douche, WC dans la salle de bain Chambre 2 lits 90\u00d7200 soit 180\u00d7200 en couple Draps fournis et lits faits S\u00e8che-cheveux R\u00e9server<\/p>","protected":false},"author":1,"featured_media":0,"parent":0,"menu_order":0,"comment_status":"closed","ping_status":"closed","template":"elementor_header_footer","meta":{"footnotes":""},"class_list":["post-3760","page","type-page","status-publish","hentry"],"_hostinger_reach_plugin_has_subscription_block":false,"_hostinger_reach_plugin_is_elementor":false,"_links":{"self":[{"href":"https:\/\/lesrosesdelourdes.com\/es\/wp-json\/wp\/v2\/pages\/3760","targetHints":{"allow":["GET"]}}],"collection":[{"href":"https:\/\/lesrosesdelourdes.com\/es\/wp-json\/wp\/v2\/pages"}],"about":[{"href":"https:\/\/lesrosesdelourdes.com\/es\/wp-json\/wp\/v2\/types\/page"}],"author":[{"embeddable":true,"href":"https:\/\/lesrosesdelourdes.com\/es\/wp-json\/wp\/v2\/users\/1"}],"replies":[{"embeddable":true,"href":"https:\/\/lesrosesdelourdes.com\/es\/wp-json\/wp\/v2\/comments?post=3760"}],"version-history":[{"count":25,"href":"https:\/\/lesrosesdelourdes.com\/es\/wp-json\/wp\/v2\/pages\/3760\/revisions"}],"predecessor-version":[{"id":4418,"href":"https:\/\/lesrosesdelourdes.com\/es\/wp-json\/wp\/v2\/pages\/3760\/revisions\/4418"}],"wp:attachment":[{"href":"https:\/\/lesrosesdelourdes.com\/es\/wp-json\/wp\/v2\/media?parent=3760"}],"curies":[{"name":"wp","href":"https:\/\/api.w.org\/{rel}","templated":true}]}}