{"id":3167,"date":"2026-02-10T17:22:21","date_gmt":"2026-02-10T17:22:21","guid":{"rendered":"https:\/\/lesrosesdelourdes.com\/?page_id=3167"},"modified":"2026-02-10T17:22:21","modified_gmt":"2026-02-10T17:22:21","slug":"politique-de-cookies","status":"publish","type":"page","link":"https:\/\/lesrosesdelourdes.com\/it\/politique-de-cookies\/","title":{"rendered":"Informativa sui cookie"},"content":{"rendered":"<p><\/p>\n\n\n\n<p>INFORMATIVA SUI COOKIE<\/p>\n\n\n\n<ol class=\"wp-block-list\">\n<li>Che cos'\u00e8 un biscotto?<\/li>\n<\/ol>\n\n\n\n<p>Un cookie \u00e8 un piccolo file di testo memorizzato sul vostro dispositivo (computer, tablet, smartphone) quando visitate un sito web. I cookie vengono utilizzati per memorizzare alcune informazioni al fine di migliorare l'esperienza di navigazione, analizzare l'utilizzo del sito e offrire contenuti personalizzati.<\/p>\n\n\n\n<p>Alcuni cookie sono specifici del sito, mentre altri sono forniti da servizi di terze parti (ad esempio Google Analytics, social network).<\/p>\n\n\n\n<ol start=\"2\" class=\"wp-block-list\">\n<li>I tipi di cookie che utilizziamo<\/li>\n<\/ol>\n\n\n\n<p>Utilizziamo diversi tipi di cookie per scopi diversi:&nbsp;<\/p>\n\n\n\n<ul class=\"wp-block-list\">\n<li><strong>Cookie strettamente necessari : <\/strong>Questi cookie sono essenziali per il funzionamento del sito, come la gestione delle prenotazioni o il mantenimento della sessione. Questi cookie non richiedono il vostro consenso.<\/li>\n\n\n\n<li><strong>Cookie di prestazione :<\/strong> sono utilizzati per analizzare il traffico del sito web e migliorare la navigazione (ad es. Google Analytics). I dati raccolti sono anonimizzati o pseudonimizzati.<\/li>\n\n\n\n<li><strong>Cookie funzionali : <\/strong>ricordare le scelte e le preferenze dell'utente, ad esempio la lingua del sito o la versione del sito che si sta visitando. Possono anche includere i parametri di connessione e di interfaccia.<\/li>\n\n\n\n<li><strong>Cookie di targeting\/pubblicit\u00e0 : <\/strong>utilizzati per fornire all'utente contenuti o offerte personalizzate in base ai suoi interessi (ad es. social network, campagne pubblicitarie). Questi cookie sono spesso forniti da terze parti. \u00c8 possibile disattivare questi cookie tramite il banner di gestione o direttamente nel browser.\u00a0<\/li>\n<\/ul>\n\n\n\n<ol start=\"3\" class=\"wp-block-list\">\n<li>Gestione del consenso e dei cookie\u00a0<\/li>\n<\/ol>\n\n\n\n<p>Alla prima visita del sito, l'utente \u00e8 invitato ad accettare o rifiutare i cookie. Il consenso \u00e8 libero, specifico, informato e inequivocabile. \u00c8 inoltre possibile modificare le proprie preferenze in qualsiasi momento attraverso il banner di gestione dei cookie. Il rifiuto di alcuni cookie non impedisce la navigazione sul sito.<\/p>\n\n\n\n<p>\u00c8 possibile configurare o eliminare i cookie direttamente nel browser:&nbsp;<\/p>\n\n\n\n<ul class=\"wp-block-list\">\n<li>Chrome: Impostazioni &gt; Privacy e sicurezza &gt; Cookie<\/li>\n\n\n\n<li>Firefox: Opzioni &gt; Privacy e sicurezza &gt; Cookie e dati del sito<\/li>\n\n\n\n<li>Safari: Preferenze &gt; Privacy &gt; Cookie e dati del sito\u00a0<\/li>\n\n\n\n<li>Edge: Impostazioni &gt; Cookie e autorizzazioni del sito\u00a0<\/li>\n<\/ul>\n\n\n\n<p>(Alcuni browser mobili o alternativi possono avere impostazioni specifiche).<\/p>\n\n\n\n<p>Attenzione: l'eliminazione dei cookie pu\u00f2 comportare la perdita delle preferenze e di alcuni dati di connessione.&nbsp;<\/p>\n\n\n\n<ol start=\"4\" class=\"wp-block-list\">\n<li>Durata di conservazione\u00a0<\/li>\n<\/ol>\n\n\n\n<p>La durata di conservazione dei cookie varia a seconda del tipo e della finalit\u00e0, in genere da <strong>da pochi giorni a diversi mesi.&nbsp;<\/strong><\/p>\n\n\n\n<figure class=\"wp-block-table\"><table class=\"has-fixed-layout\"><tbody><tr><td><strong>Tipo di cookie<\/strong><\/td><td><strong>Scopo<\/strong><\/td><td><strong>Durata di conservazione<\/strong><\/td><\/tr><tr><td><strong>Cookie strettamente necessari<\/strong><\/td><td><strong>Manutenzione della sessione, gestione delle prenotazioni<\/strong><\/td><td><strong>Fino alla fine della sessione<\/strong><\/td><\/tr><tr><td><strong>Cookie di prestazione<\/strong><\/td><td><strong>Analisi del numero di visitatori e miglioramento del sito (es. Google Analytics)<\/strong><\/td><td><strong>13 mesi<\/strong><\/td><\/tr><tr><td><strong>Cookie funzionali<\/strong><\/td><td><strong>Memorizzare le preferenze linguistiche, le impostazioni dell'interfaccia e le connessioni.<\/strong><\/td><td><strong>6 mesi<\/strong><\/td><\/tr><tr><td><strong>Cookie di targeting\/pubblicit\u00e0<\/strong><\/td><td><strong>Pubblicit\u00e0 mirata, social network, raccomandazioni personalizzate<\/strong><\/td><td><strong>Da 3 a 6 mesi<\/strong><\/td><\/tr><\/tbody><\/table><\/figure>\n\n\n\n<p>Per una maggiore trasparenza, \u00e8 possibile consultare in qualsiasi momento questa tabella, basata sulle durate generalmente utilizzate, per conoscere la durata esatta di ciascun tipo di cookie.<\/p>\n\n\n\n<ol start=\"5\" class=\"wp-block-list\">\n<li>Contatto<\/li>\n<\/ol>\n\n\n\n<p>In caso di domande sulla nostra politica sui cookie, vi preghiamo di contattarci all'indirizzo : <strong>contact@lesrosesdelourdes.com. <\/strong>Ci proponiamo di rispondere alle vostre richieste entro 15 giorni.<\/p>","protected":false},"excerpt":{"rendered":"<p>POLITIQUE DE COOKIES Un cookie est un petit fichier texte enregistr\u00e9 sur votre appareil (ordinateur, tablette, smartphone) lorsque vous visitez un site web. Les cookies permettent de stocker certaines informations afin d\u2019am\u00e9liorer votre exp\u00e9rience de navigation, analyser l\u2019utilisation du site et vous proposer des contenus personnalis\u00e9s. Certains cookies sont propres au site, tandis que d\u2019autres [&hellip;]<\/p>\n","protected":false},"author":1,"featured_media":0,"parent":0,"menu_order":0,"comment_status":"closed","ping_status":"closed","template":"","meta":{"footnotes":""},"class_list":["post-3167","page","type-page","status-publish","hentry"],"_hostinger_reach_plugin_has_subscription_block":false,"_hostinger_reach_plugin_is_elementor":false,"_links":{"self":[{"href":"https:\/\/lesrosesdelourdes.com\/it\/wp-json\/wp\/v2\/pages\/3167","targetHints":{"allow":["GET"]}}],"collection":[{"href":"https:\/\/lesrosesdelourdes.com\/it\/wp-json\/wp\/v2\/pages"}],"about":[{"href":"https:\/\/lesrosesdelourdes.com\/it\/wp-json\/wp\/v2\/types\/page"}],"author":[{"embeddable":true,"href":"https:\/\/lesrosesdelourdes.com\/it\/wp-json\/wp\/v2\/users\/1"}],"replies":[{"embeddable":true,"href":"https:\/\/lesrosesdelourdes.com\/it\/wp-json\/wp\/v2\/comments?post=3167"}],"version-history":[{"count":1,"href":"https:\/\/lesrosesdelourdes.com\/it\/wp-json\/wp\/v2\/pages\/3167\/revisions"}],"predecessor-version":[{"id":3168,"href":"https:\/\/lesrosesdelourdes.com\/it\/wp-json\/wp\/v2\/pages\/3167\/revisions\/3168"}],"wp:attachment":[{"href":"https:\/\/lesrosesdelourdes.com\/it\/wp-json\/wp\/v2\/media?parent=3167"}],"curies":[{"name":"wp","href":"https:\/\/api.w.org\/{rel}","templated":true}]}}