{"id":3167,"date":"2026-02-10T17:22:21","date_gmt":"2026-02-10T17:22:21","guid":{"rendered":"https:\/\/lesrosesdelourdes.com\/?page_id=3167"},"modified":"2026-02-10T17:22:21","modified_gmt":"2026-02-10T17:22:21","slug":"politique-de-cookies","status":"publish","type":"page","link":"https:\/\/lesrosesdelourdes.com\/pt\/politique-de-cookies\/","title":{"rendered":"Pol\u00edtica de cookies"},"content":{"rendered":"<p><\/p>\n\n\n\n<p>POL\u00cdTICA DE COOKIES<\/p>\n\n\n\n<ol class=\"wp-block-list\">\n<li>O que \u00e9 uma bolacha?<\/li>\n<\/ol>\n\n\n\n<p>Um cookie \u00e9 um pequeno ficheiro de texto armazenado no seu dispositivo (computador, tablet, smartphone) quando visita um s\u00edtio Web. Os cookies s\u00e3o utilizados para armazenar determinadas informa\u00e7\u00f5es, a fim de melhorar a sua experi\u00eancia de navega\u00e7\u00e3o, analisar a utiliza\u00e7\u00e3o do s\u00edtio e oferecer-lhe conte\u00fados personalizados.<\/p>\n\n\n\n<p>Alguns cookies s\u00e3o espec\u00edficos do s\u00edtio, enquanto outros s\u00e3o fornecidos por servi\u00e7os de terceiros (por exemplo, Google Analytics, redes sociais).<\/p>\n\n\n\n<ol start=\"2\" class=\"wp-block-list\">\n<li>Os tipos de cookies que utilizamos<\/li>\n<\/ol>\n\n\n\n<p>Utilizamos v\u00e1rios tipos de cookies para diferentes objectivos:&nbsp;<\/p>\n\n\n\n<ul class=\"wp-block-list\">\n<li><strong>Cookies estritamente necess\u00e1rios : <\/strong>Estes cookies s\u00e3o essenciais para o funcionamento do s\u00edtio, como a gest\u00e3o das suas reservas ou a manuten\u00e7\u00e3o da sua sess\u00e3o. Estes cookies n\u00e3o requerem o seu consentimento.<\/li>\n\n\n\n<li><strong>Cookies de desempenho :<\/strong> s\u00e3o utilizados para analisar o tr\u00e1fego do s\u00edtio Web e melhorar a navega\u00e7\u00e3o (por exemplo, Google Analytics). Os dados recolhidos s\u00e3o anonimizados ou pseudonimizados.<\/li>\n\n\n\n<li><strong>Cookies funcionais : <\/strong>recordar as suas escolhas e prefer\u00eancias, por exemplo, a l\u00edngua do s\u00edtio ou a vers\u00e3o do s\u00edtio que est\u00e1 a visitar. Podem tamb\u00e9m incluir os par\u00e2metros de liga\u00e7\u00e3o e de interface do utilizador.<\/li>\n\n\n\n<li><strong>Cookies de segmenta\u00e7\u00e3o\/publicidade : <\/strong>utilizados para lhe fornecer conte\u00fados ou ofertas adaptados aos seus interesses (por exemplo, redes sociais, campanhas publicit\u00e1rias). Estes cookies s\u00e3o frequentemente fornecidos por terceiros. Pode desativar estes cookies atrav\u00e9s da faixa de gest\u00e3o ou diretamente no seu navegador.\u00a0<\/li>\n<\/ul>\n\n\n\n<ol start=\"3\" class=\"wp-block-list\">\n<li>Consentimento e gest\u00e3o de cookies\u00a0<\/li>\n<\/ol>\n\n\n\n<p>Na sua primeira visita ao s\u00edtio, o utilizador \u00e9 convidado a aceitar ou recusar os cookies. O consentimento \u00e9 livre, espec\u00edfico, informado e inequ\u00edvoco. Tamb\u00e9m pode alterar as suas prefer\u00eancias em qualquer altura atrav\u00e9s da faixa de gest\u00e3o de cookies. A recusa de certos cookies n\u00e3o o impede de navegar no s\u00edtio.<\/p>\n\n\n\n<p>Pode configurar ou apagar os cookies diretamente no seu browser:&nbsp;<\/p>\n\n\n\n<ul class=\"wp-block-list\">\n<li>Chrome: Defini\u00e7\u00f5es &gt; Privacidade e seguran\u00e7a &gt; Cookies<\/li>\n\n\n\n<li>Firefox: Op\u00e7\u00f5es &gt; Privacidade e seguran\u00e7a &gt; Cookies e dados do s\u00edtio<\/li>\n\n\n\n<li>Safari: Prefer\u00eancias &gt; Privacidade &gt; Cookies e dados do s\u00edtio\u00a0<\/li>\n\n\n\n<li>Edge: Defini\u00e7\u00f5es &gt; Cookies e autoriza\u00e7\u00f5es de s\u00edtios\u00a0<\/li>\n<\/ul>\n\n\n\n<p>(Alguns navegadores m\u00f3veis ou alternativos podem ter defini\u00e7\u00f5es espec\u00edficas).<\/p>\n\n\n\n<p>Aviso: a elimina\u00e7\u00e3o dos cookies pode implicar a perda das suas prefer\u00eancias e de certos dados de liga\u00e7\u00e3o.&nbsp;<\/p>\n\n\n\n<ol start=\"4\" class=\"wp-block-list\">\n<li>Prazo de validade\u00a0<\/li>\n<\/ol>\n\n\n\n<p>O per\u00edodo de tempo durante o qual os cookies s\u00e3o mantidos varia de acordo com o seu tipo e finalidade, geralmente de <strong>de alguns dias a v\u00e1rios meses.&nbsp;<\/strong><\/p>\n\n\n\n<figure class=\"wp-block-table\"><table class=\"has-fixed-layout\"><tbody><tr><td><strong>Tipo de cookie<\/strong><\/td><td><strong>Objetivo<\/strong><\/td><td><strong>Prazo de validade<\/strong><\/td><\/tr><tr><td><strong>Cookies estritamente necess\u00e1rios<\/strong><\/td><td><strong>Manuten\u00e7\u00e3o de sess\u00f5es, gest\u00e3o de reservas<\/strong><\/td><td><strong>At\u00e9 ao final da sess\u00e3o<\/strong><\/td><\/tr><tr><td><strong>Cookies de desempenho<\/strong><\/td><td><strong>An\u00e1lise do n\u00famero de visitantes e melhoria do s\u00edtio (por exemplo, Google Analytics)<\/strong><\/td><td><strong>13 meses<\/strong><\/td><\/tr><tr><td><strong>Cookies funcionais<\/strong><\/td><td><strong>Memorizar prefer\u00eancias lingu\u00edsticas, defini\u00e7\u00f5es de interface e liga\u00e7\u00f5es<\/strong><\/td><td><strong>6 meses<\/strong><\/td><\/tr><tr><td><strong>Cookies de segmenta\u00e7\u00e3o\/publicidade<\/strong><\/td><td><strong>Publicidade direcionada, redes sociais, recomenda\u00e7\u00f5es personalizadas<\/strong><\/td><td><strong>3 a 6 meses<\/strong><\/td><\/tr><\/tbody><\/table><\/figure>\n\n\n\n<p>Para maior transpar\u00eancia, pode consultar a qualquer momento esta tabela, baseada nas dura\u00e7\u00f5es geralmente utilizadas, para saber a dura\u00e7\u00e3o exacta de cada tipo de cookie.<\/p>\n\n\n\n<ol start=\"5\" class=\"wp-block-list\">\n<li>Contacto<\/li>\n<\/ol>\n\n\n\n<p>Se tiver alguma d\u00favida sobre a nossa pol\u00edtica de cookies, contacte-nos atrav\u00e9s do endere\u00e7o : <strong>contact@lesrosesdelourdes.com. <\/strong>O nosso objetivo \u00e9 responder aos seus pedidos no prazo de 15 dias.<\/p>","protected":false},"excerpt":{"rendered":"<p>POLITIQUE DE COOKIES Un cookie est un petit fichier texte enregistr\u00e9 sur votre appareil (ordinateur, tablette, smartphone) lorsque vous visitez un site web. Les cookies permettent de stocker certaines informations afin d\u2019am\u00e9liorer votre exp\u00e9rience de navigation, analyser l\u2019utilisation du site et vous proposer des contenus personnalis\u00e9s. Certains cookies sont propres au site, tandis que d\u2019autres [&hellip;]<\/p>\n","protected":false},"author":1,"featured_media":0,"parent":0,"menu_order":0,"comment_status":"closed","ping_status":"closed","template":"","meta":{"footnotes":""},"class_list":["post-3167","page","type-page","status-publish","hentry"],"_hostinger_reach_plugin_has_subscription_block":false,"_hostinger_reach_plugin_is_elementor":false,"_links":{"self":[{"href":"https:\/\/lesrosesdelourdes.com\/pt\/wp-json\/wp\/v2\/pages\/3167","targetHints":{"allow":["GET"]}}],"collection":[{"href":"https:\/\/lesrosesdelourdes.com\/pt\/wp-json\/wp\/v2\/pages"}],"about":[{"href":"https:\/\/lesrosesdelourdes.com\/pt\/wp-json\/wp\/v2\/types\/page"}],"author":[{"embeddable":true,"href":"https:\/\/lesrosesdelourdes.com\/pt\/wp-json\/wp\/v2\/users\/1"}],"replies":[{"embeddable":true,"href":"https:\/\/lesrosesdelourdes.com\/pt\/wp-json\/wp\/v2\/comments?post=3167"}],"version-history":[{"count":1,"href":"https:\/\/lesrosesdelourdes.com\/pt\/wp-json\/wp\/v2\/pages\/3167\/revisions"}],"predecessor-version":[{"id":3168,"href":"https:\/\/lesrosesdelourdes.com\/pt\/wp-json\/wp\/v2\/pages\/3167\/revisions\/3168"}],"wp:attachment":[{"href":"https:\/\/lesrosesdelourdes.com\/pt\/wp-json\/wp\/v2\/media?parent=3167"}],"curies":[{"name":"wp","href":"https:\/\/api.w.org\/{rel}","templated":true}]}}