{"id":3169,"date":"2026-02-10T17:23:25","date_gmt":"2026-02-10T17:23:25","guid":{"rendered":"https:\/\/lesrosesdelourdes.com\/?page_id=3169"},"modified":"2026-03-18T13:38:41","modified_gmt":"2026-03-18T13:38:41","slug":"mentions-legales","status":"publish","type":"page","link":"https:\/\/lesrosesdelourdes.com\/pt\/mentions-legales\/","title":{"rendered":"Informa\u00e7\u00e3o jur\u00eddica"},"content":{"rendered":"<p><\/p>\n\n\n\n<p>Informa\u00e7\u00e3o jur\u00eddica<\/p>\n\n\n\n<ol class=\"wp-block-list\">\n<li>\u00c9diteur du site<\/li>\n<\/ol>\n\n\n\n<p>Le site <strong>As rosas de Lourdes <\/strong>(regroupant <em>O Dom\u00ednio da Rosa<\/em> e <em>La Rose du Ch\u00e2teau<\/em>) est \u00e9dit\u00e9 par :&nbsp;<\/p>\n\n\n\n<p><strong>Raison sociale :<\/strong> SAS LES ROSES DE LOURDES<\/p>\n\n\n\n<p><strong>Forme juridique :<\/strong> SAS au capital de 1 000\u20ac<\/p>\n\n\n\n<p><strong>Si\u00e8ge social : <\/strong>28 Avenue Jean Prat 65100 Lourdes<\/p>\n\n\n\n<p><strong>Num\u00e9ro de SIRET :<\/strong> 99986433300011<\/p>\n\n\n\n<p><strong>RCS :<\/strong> Tarbes<\/p>\n\n\n\n<p><strong>Num\u00e9ro de TVA intracommunautaire : <\/strong>FR28999864333<\/p>\n\n\n\n<p><strong>Directeurs de la publication : <\/strong>\u00c9lodie SPREUX-DESBORDES et Fabrice SPREUX<\/p>\n\n\n\n<p><strong>Contact :<\/strong> <a href=\"mailto:contact@lesrosesdelourdes.com\">contact@lesrosesdelourdes.com<\/a> \/ +33 (0)6 63 69 11 10<\/p>\n\n\n\n<ol start=\"2\" class=\"wp-block-list\">\n<li>H\u00e9bergement<\/li>\n<\/ol>\n\n\n\n<p>Le site est h\u00e9berg\u00e9 par :&nbsp;<\/p>\n\n\n\n<p><strong>H\u00e9bergeur : <\/strong>Infomaniak<\/p>\n\n\n\n<p><strong>Adresse : <\/strong>Rue Eug\u00e8ne-Marziano 25, 1227 Gen\u00e8ve, Suisse<\/p>\n\n\n\n<p><strong>T\u00e9l\u00e9phone : <\/strong>+41 22 820 35 40<\/p>\n\n\n\n<p><strong>Site internet : <\/strong>https:\/\/www.infomaniak.com\/fr<\/p>\n\n\n\n<ol start=\"3\" class=\"wp-block-list\">\n<li>Propri\u00e9t\u00e9 intellectuelle<\/li>\n<\/ol>\n\n\n\n<p>L\u2019ensemble du site et ses contenus (textes, images, vid\u00e9os, logos, graphismes, etc.) sont prot\u00e9g\u00e9s par le droit d\u2019auteur.&nbsp;<\/p>\n\n\n\n<p>Toute reproduction, repr\u00e9sentation, modification, publication, transmission, d\u00e9naturation totale ou partielle de ce site ou de son contenu, par quelque proc\u00e9d\u00e9 que ce soit, est interdite sans autorisation \u00e9crite pr\u00e9alable de <strong>As rosas de Lourdes<\/strong>.<\/p>\n\n\n\n<ol start=\"4\" class=\"wp-block-list\">\n<li>Donn\u00e9es personnelles<\/li>\n<\/ol>\n\n\n\n<p>Le site peut collecter des donn\u00e9es personnelles via :&nbsp;<\/p>\n\n\n\n<ul class=\"wp-block-list\">\n<li>Formulaire de contact<\/li>\n\n\n\n<li>R\u00e9servation en ligne<\/li>\n\n\n\n<li>Newsletter<\/li>\n<\/ul>\n\n\n\n<p><strong>Finalit\u00e9 :<\/strong> Les donn\u00e9es collect\u00e9es sont utilis\u00e9es uniquement pour r\u00e9pondre aux demandes, g\u00e9rer les r\u00e9servations et informer des offres et actualit\u00e9s.&nbsp;<\/p>\n\n\n\n<p><strong>Dur\u00e9e de conservation : <\/strong>Les donn\u00e9es sont conserv\u00e9es pendant 12 mois.<\/p>\n\n\n\n<p><strong>Responsable du traitement : <\/strong>Les donn\u00e9es sont trait\u00e9es par Les Roses de Lourdes ou, le cas \u00e9ch\u00e9ant, par ses sous-traitants dans le cadre de la gestion du site et des services associ\u00e9s.<\/p>\n\n\n\n<p><strong>Droits des utilisateurs : <\/strong>Conform\u00e9ment au RGPD, vous disposez d\u2019un droit d\u2019acc\u00e8s, de rectification, de suppression, de limitation et d\u2019opposition&nbsp; ainsi que du droit de portabilit\u00e9 de vos donn\u00e9es personnelles. Vous pouvez retirer votre consentement \u00e0 tout moment.<\/p>\n\n\n\n<p>Pour exercer vos droits ou pour toute question relative \u00e0 vos donn\u00e9es, vous pouvez contacter <strong>As rosas de Lourdes<\/strong> \u00e0 l\u2019adresse email : contact@lesrosesdelourdes.com.<\/p>\n\n\n\n<p>Pour plus de d\u00e9tails, consultez notre politique de confidentialit\u00e9.<\/p>\n\n\n\n<p><strong>Cookies : <\/strong>Le site utilise des cookies pour am\u00e9liorer la navigation et proposer des contenus adapt\u00e9s. Un bandeau d\u2019information est affich\u00e9 lors de votre premi\u00e8re visite. Vous pouvez accepter ou refuser les cookies \u00e0 tout moment.<\/p>\n\n\n\n<p>Pour plus d\u2019informations, consultez notre politique de cookies.<\/p>\n\n\n\n<ol start=\"5\" class=\"wp-block-list\">\n<li>Responsabilit\u00e9<\/li>\n<\/ol>\n\n\n\n<p>Les informations publi\u00e9es sur le site sont fournies \u00e0 titre indicatif et n\u2019engagent pas la responsabilit\u00e9 des Roses de Lourdes, sauf en cas de faute lourde ou intentionnelle.<\/p>\n\n\n\n<ol start=\"6\" class=\"wp-block-list\">\n<li>Liens externes<\/li>\n<\/ol>\n\n\n\n<p>Le site peut contenir des liens vers d\u2019autres sites. Les Roses de Lourdes n\u2019est pas responsable du contenu de ces sites externes.<\/p>","protected":false},"excerpt":{"rendered":"<p>Mentions l\u00e9gales Le site Les Roses de Lourdes (regroupant Le Domaine de Rose et La Rose du Ch\u00e2teau) est \u00e9dit\u00e9 par :&nbsp; Raison sociale : SAS LES ROSES DE LOURDES Forme juridique : SAS au capital de 1 000\u20ac Si\u00e8ge social : 28 Avenue Jean Prat 65100 Lourdes Num\u00e9ro de SIRET : 99986433300011 RCS : [&hellip;]<\/p>\n","protected":false},"author":1,"featured_media":0,"parent":0,"menu_order":0,"comment_status":"closed","ping_status":"closed","template":"","meta":{"footnotes":""},"class_list":["post-3169","page","type-page","status-publish","hentry"],"_hostinger_reach_plugin_has_subscription_block":false,"_hostinger_reach_plugin_is_elementor":false,"_links":{"self":[{"href":"https:\/\/lesrosesdelourdes.com\/pt\/wp-json\/wp\/v2\/pages\/3169","targetHints":{"allow":["GET"]}}],"collection":[{"href":"https:\/\/lesrosesdelourdes.com\/pt\/wp-json\/wp\/v2\/pages"}],"about":[{"href":"https:\/\/lesrosesdelourdes.com\/pt\/wp-json\/wp\/v2\/types\/page"}],"author":[{"embeddable":true,"href":"https:\/\/lesrosesdelourdes.com\/pt\/wp-json\/wp\/v2\/users\/1"}],"replies":[{"embeddable":true,"href":"https:\/\/lesrosesdelourdes.com\/pt\/wp-json\/wp\/v2\/comments?post=3169"}],"version-history":[{"count":2,"href":"https:\/\/lesrosesdelourdes.com\/pt\/wp-json\/wp\/v2\/pages\/3169\/revisions"}],"predecessor-version":[{"id":4845,"href":"https:\/\/lesrosesdelourdes.com\/pt\/wp-json\/wp\/v2\/pages\/3169\/revisions\/4845"}],"wp:attachment":[{"href":"https:\/\/lesrosesdelourdes.com\/pt\/wp-json\/wp\/v2\/media?parent=3169"}],"curies":[{"name":"wp","href":"https:\/\/api.w.org\/{rel}","templated":true}]}}